{"id":1901,"date":"2020-10-04T19:10:29","date_gmt":"2020-10-04T17:10:29","guid":{"rendered":"https:\/\/rugexport.de\/?page_id=1901"},"modified":"2020-10-07T17:32:39","modified_gmt":"2020-10-07T15:32:39","slug":"inclisafe","status":"publish","type":"page","link":"https:\/\/rugexport.de\/fr\/inclisafe\/","title":{"rendered":"Inclisafe"},"content":{"rendered":"<section class=\"l-section wpb_row us_custom_2742c112 .home height_medium full_height valign_bottom width_full\"><div class=\"l-section-h i-cf\"><div class=\"g-cols vc_row via_flex valign_bottom type_default stacking_default\"><div class=\"vc_col-sm-12 wpb_column vc_column_container\"><div class=\"vc_column-inner\"><div class=\"wpb_wrapper\">\n\t\t\t<!-- START homeinclifr REVOLUTION SLIDER 6.5.19 --><p class=\"rs-p-wp-fix\"><\/p>\n\t\t\t<rs-module-wrap id=\"rev_slider_8_1_wrapper\" data-source=\"gallery\" style=\"visibility:hidden;background:transparent;padding:0;margin:0px auto;margin-top:0;margin-bottom:0;\">\n\t\t\t\t<rs-module id=\"rev_slider_8_1\" style=\"\" data-version=\"6.5.19\">\n\t\t\t\t\t<rs-slides>\n\t\t\t\t\t\t<rs-slide style=\"position: absolute;\" data-key=\"rs-8\" data-title=\"Slide\" data-anim=\"ms:1000;r:0;\" data-in=\"o:0;\" data-out=\"a:false;\">\n\t\t\t\t\t\t\t<img src=\"\/\/rugexport.de\/wp-content\/plugins\/revslider\/public\/assets\/assets\/dummy.png\" alt=\"Slide\" title=\"Inclisafe\" class=\"rev-slidebg tp-rs-img rs-lazyload\" data-lazyload=\"\/\/rugexport.de\/wp-content\/plugins\/revslider\/public\/assets\/assets\/transparent.png\" data-no-retina>\n<!--\n\t\t\t\t\t\t\t--><rs-layer\n\t\t\t\t\t\t\t\tid=\"slider-8-slide-8-layer-0\" \n\t\t\t\t\t\t\t\tdata-type=\"image\"\n\t\t\t\t\t\t\t\tdata-rsp_ch=\"on\"\n\t\t\t\t\t\t\t\tdata-xy=\"x:c;y:m,t,t,t;\"\n\t\t\t\t\t\t\t\tdata-text=\"w:normal;s:20,16,12,7;l:0,20,15,9;\"\n\t\t\t\t\t\t\t\tdata-dim=\"w:1596px,1033px,784px,483px;h:898px,581px,441px,272px;\"\n\t\t\t\t\t\t\t\tdata-frame_999=\"o:0;st:w;\"\n\t\t\t\t\t\t\t\tstyle=\"z-index:5;\"\n\t\t\t\t\t\t\t><img src=\"\/\/rugexport.de\/wp-content\/plugins\/revslider\/public\/assets\/assets\/dummy.png\" alt=\"\" class=\"tp-rs-img rs-lazyload\" width=\"1920\" height=\"1080\" data-lazyload=\"\/\/rugexport.de\/wp-content\/uploads\/2020\/09\/BG_RUG_Inclisafe.jpg\" data-no-retina> \n\t\t\t\t\t\t\t<\/rs-layer><!--\n\n\t\t\t\t\t\t\t--><rs-layer\n\t\t\t\t\t\t\t\tid=\"slider-8-slide-8-layer-1\" \n\t\t\t\t\t\t\t\tdata-type=\"text\"\n\t\t\t\t\t\t\t\tdata-rsp_ch=\"on\"\n\t\t\t\t\t\t\t\tdata-xy=\"x:c;y:m;yo:290px,198px,152px,81px;\"\n\t\t\t\t\t\t\t\tdata-text=\"w:normal;s:74,52,39,26;l:38,31,23,18;a:center;\"\n\t\t\t\t\t\t\t\tdata-dim=\"w:1347px,1112px,844px,596px;h:78,64,48,37;\"\n\t\t\t\t\t\t\t\tdata-frame_999=\"o:0;st:w;\"\n\t\t\t\t\t\t\t\tstyle=\"z-index:6;font-family:'Arial', 'Helvetica', 'sans-serif';text-transform:uppercase;\"\n\t\t\t\t\t\t\t>Syst\u00e8me de Stabilit\u00e9 Dynamique \n\t\t\t\t\t\t\t<\/rs-layer><!--\n\n\t\t\t\t\t\t\t--><a\n\t\t\t\t\t\t\t\tid=\"slider-8-slide-8-layer-2\" \n\t\t\t\t\t\t\t\tclass=\"rs-layer rev-btn\"\n\t\t\t\t\t\t\t\thref=\"#produkt\" target=\"_self\" rel=\"nofollow\"\n\t\t\t\t\t\t\t\tdata-type=\"button\"\n\t\t\t\t\t\t\t\tdata-rsp_ch=\"on\"\n\t\t\t\t\t\t\t\tdata-xy=\"x:c;xo:0,0,-9px,-1px;yo:781px,512px,382px,293px;\"\n\t\t\t\t\t\t\t\tdata-text=\"w:normal;s:24,19,16,19;l:50,41,36,49;fw:700;\"\n\t\t\t\t\t\t\t\tdata-dim=\"minh:0px,none,none,none;\"\n\t\t\t\t\t\t\t\tdata-padding=\"r:40,33,30,41;l:40,33,30,41;\"\n\t\t\t\t\t\t\t\tdata-border=\"bor:5px,5px,5px,5px;\"\n\t\t\t\t\t\t\t\tdata-frame_0=\"x:0,0,0px,0px;y:0,0,0px,0px;\"\n\t\t\t\t\t\t\t\tdata-frame_1=\"x:0,0,0px,0px;y:0,0,0px,0px;\"\n\t\t\t\t\t\t\t\tdata-frame_999=\"o:0;st:w;\"\n\t\t\t\t\t\t\t\tdata-frame_hover=\"bgc:#5f4b8b;boc:#5f4b8b;bor:5px,5px,5px,5px;e:power0.inOut;bri:100%;\"\n\t\t\t\t\t\t\t\tstyle=\"z-index:7;background-color:#5f4b8b;font-family:'Arial', 'Helvetica', 'sans-serif';\"\n\t\t\t\t\t\t\t>Description du Produit \n\t\t\t\t\t\t\t<\/a><!--\n-->\t\t\t\t\t\t<\/rs-slide>\n\t\t\t\t\t<\/rs-slides>\n\t\t\t\t<\/rs-module>\n\t\t\t\t<script>\n\t\t\t\t\tsetREVStartSize({c: 'rev_slider_8_1',rl:[1240,1024,778,480],el:[900,580,430,350],gw:[1240,1024,778,480],gh:[900,580,430,350],type:'standard',justify:'',layout:'fullwidth',mh:\"0\"});if (window.RS_MODULES!==undefined && window.RS_MODULES.modules!==undefined && window.RS_MODULES.modules[\"revslider81\"]!==undefined) {window.RS_MODULES.modules[\"revslider81\"].once = false;window.revapi8 = undefined;if (window.RS_MODULES.checkMinimal!==undefined) window.RS_MODULES.checkMinimal()}\n\t\t\t\t<\/script>\n\t\t\t<\/rs-module-wrap>\n\t\t\t<!-- END REVOLUTION SLIDER -->\n<\/div><\/div><\/div><\/div><\/div><\/section><section class=\"l-section wpb_row us_custom_9b8f260f textojustificado has_text_color height_large\" id=\"produkt\"><div class=\"l-section-h i-cf\"><div class=\"g-cols vc_row via_flex valign_top type_default stacking_default\"><div class=\"vc_col-sm-12 wpb_column vc_column_container align_center us_animate_afb\"><div class=\"vc_column-inner\"><div class=\"wpb_wrapper\"><div class=\"wpb_text_column us_custom_a773e700\"><div class=\"wpb_wrapper\"><p>Le syst\u00e8me Inclisafe calcule la <strong>stabilit\u00e9 du v\u00e9hicule<\/strong> en mouvement et avertit le conducteur en cas de risque de retournement.<\/p>\n<p>Inclisafe est <strong>programm\u00e9<\/strong> <strong>individuellement<\/strong> avec les param\u00e8tres physiques de chaque v\u00e9hicule. Le syst\u00e8me fonctionne gr\u00e2ce \u00e0 plusieurs capteurs qui d\u00e9tectent et enregistrent les acc\u00e9l\u00e9rations angulaires et d&rsquo;autres param\u00e8tres de stabilit\u00e9 pertinents. Toutes ces donn\u00e9es sont trait\u00e9es par un algorithme qui produit un indice de stabilit\u00e9 et d\u00e9termine le fonctionnement du syst\u00e8me d&rsquo;alerte.<\/p>\n<p>Le syst\u00e8me d&rsquo;alerte fonctionne sur <strong>trois niveaux d&rsquo;alarme<\/strong> : jaune, orange et rouge. Si le conducteur n&rsquo;atteint pas la zone rouge indiqu\u00e9e par le syst\u00e8me, celui-ci disposera toujours d&rsquo;une marge de stabilit\u00e9, d&rsquo;au <strong>moins 20%<\/strong>, pour r\u00e9agir et \u00e9viter ainsi le retournement.<\/p>\n<\/div><\/div><div class=\"w-btn-wrapper align_none\"><a class=\"w-btn us-btn-style_4 us_custom_1e0e9307 icon_atleft\" href=\"#vorteile\"><i class=\"far fa-plus-square\"><\/i><span class=\"w-btn-label\">Avantages<\/span><\/a><\/div><div class=\"w-separator size_medium\"><\/div><\/div><\/div><\/div><\/div><\/div><\/section><!-- Row Backgrounds --><div class=\"upb_color\" data-bg-override=\"0\" data-bg-color=\"\" data-fadeout=\"\" data-fadeout-percentage=\"30\" data-parallax-content=\"\" data-parallax-content-sense=\"30\" data-row-effect-mobile-disable=\"true\" data-img-parallax-mobile-disable=\"true\" data-rtl=\"false\"  data-custom-vc-row=\"\"  data-vc=\"6.8.0\"  data-is_old_vc=\"\"  data-theme-support=\"\"   data-overlay=\"false\" data-overlay-color=\"\" data-overlay-pattern=\"\" data-overlay-pattern-opacity=\"\" data-overlay-pattern-size=\"\"    data-seperator=\"true\"  data-seperator-type=\"xlarge_triangle_seperator\"  data-seperator-shape-size=\"40\"  data-seperator-svg-height=\"100\"  data-seperator-full-width=\"true\" data-seperator-position=\"bottom_seperator\"  data-seperator-background-color=\"#ffffff\"  data-icon=\"\"  ><\/div><section class=\"l-section wpb_row us_custom_6a4d3d6c height_medium color_alternate\" id=\"vorteile\"><div class=\"l-section-h i-cf\"><div class=\"g-cols vc_row via_flex valign_top type_default stacking_default\"><div class=\"vc_col-sm-12 wpb_column vc_column_container\"><div class=\"vc_column-inner\"><div class=\"wpb_wrapper\"><div class=\"wpb_text_column\"><div class=\"wpb_wrapper\"><h2><strong>AVANTAGES DU PRODUIT<\/strong><\/h2>\n<\/div><\/div><\/div><\/div><\/div><\/div><\/div><\/section><section class=\"l-section wpb_row height_auto\"><div class=\"l-section-h i-cf\"><div class=\"g-cols vc_row via_flex valign_middle type_default stacking_default\"><div class=\"vc_col-sm-12 wpb_column vc_column_container\"><div class=\"vc_column-inner\"><div class=\"wpb_wrapper\"><div class=\"g-cols wpb_row us_custom_1b8b0725 via_flex valign_middle type_default stacking_default\"><div class=\"vc_col-sm-4 wpb_column vc_column_container\"><div class=\"vc_column-inner\"><div class=\"wpb_wrapper\"><div class=\"w-iconbox iconpos_top style_default color_primary align_center no_text\"><div class=\"w-iconbox-icon\" style=\"font-size:48px;\"><i class=\"fas fa-exclamation-triangle\"><\/i><\/div><div class=\"w-iconbox-meta\"><h4 class=\"w-iconbox-title\">Syst\u00e8me d&rsquo;Alerte Optique et Acoustique<\/h4><\/div><\/div><\/div><\/div><\/div><div class=\"vc_col-sm-4 wpb_column vc_column_container\"><div class=\"vc_column-inner\"><div class=\"wpb_wrapper\"><div class=\"w-iconbox iconpos_top style_default color_primary align_center no_text\"><div class=\"w-iconbox-icon\" style=\"font-size:48px;\"><i class=\"far fa-ruler-combined\"><\/i><\/div><div class=\"w-iconbox-meta\"><h4 class=\"w-iconbox-title\">Calcul Dynamique de la Stabilit\u00e9 des V\u00e9hicules<\/h4><\/div><\/div><\/div><\/div><\/div><div class=\"vc_col-sm-4 wpb_column vc_column_container\"><div class=\"vc_column-inner\"><div class=\"wpb_wrapper\"><div class=\"w-iconbox iconpos_top style_default color_primary align_center no_text\"><div class=\"w-iconbox-icon\" style=\"font-size:48px;\"><i class=\"fas fa-balance-scale\"><\/i><\/div><div class=\"w-iconbox-meta\"><h4 class=\"w-iconbox-title\">IndividuProgrammation Individuelle, en fonction des Caract\u00e9ristiques Physiques de Chaque V\u00e9hicule<\/h4><\/div><\/div><\/div><\/div><\/div><\/div><\/div><\/div><\/div><\/div><\/div><\/section><section class=\"l-section wpb_row us_custom_ee2686e1 textojustificado height_medium\"><div class=\"l-section-h i-cf\"><div class=\"g-cols vc_row via_flex valign_top type_default stacking_default\"><div class=\"vc_col-sm-6 wpb_column vc_column_container\"><div class=\"vc_column-inner\"><div class=\"wpb_wrapper\"><div class=\"w-image align_none\"><div class=\"w-image-h\"><img width=\"920\" height=\"690\" src=\"https:\/\/rugexport.de\/wp-content\/uploads\/2020\/05\/inclisafe-920x690.jpg\" class=\"attachment-large size-large\" alt=\"\" decoding=\"async\" loading=\"lazy\" srcset=\"https:\/\/rugexport.de\/wp-content\/uploads\/2020\/05\/inclisafe-920x690.jpg 920w, https:\/\/rugexport.de\/wp-content\/uploads\/2020\/05\/inclisafe-620x465.jpg 620w, https:\/\/rugexport.de\/wp-content\/uploads\/2020\/05\/inclisafe-500x375.jpg 500w, https:\/\/rugexport.de\/wp-content\/uploads\/2020\/05\/inclisafe-768x576.jpg 768w, https:\/\/rugexport.de\/wp-content\/uploads\/2020\/05\/inclisafe-600x450.jpg 600w, https:\/\/rugexport.de\/wp-content\/uploads\/2020\/05\/inclisafe.jpg 1024w\" sizes=\"(max-width: 920px) 100vw, 920px\" \/><\/div><\/div><\/div><\/div><\/div><div class=\"vc_col-sm-6 wpb_column vc_column_container medio\"><div class=\"vc_column-inner us_custom_edb423b1\"><div class=\"wpb_wrapper\"><div class=\"wpb_text_column\"><div class=\"wpb_wrapper\"><ol>\n<li><strong>Signal d&rsquo;avertissement<\/strong> : en dessous de 30% de stabilit\u00e9 au moyen d&rsquo;un signal visuel et acoustique dont la fr\u00e9quence augmente avec le risque de basculement.<\/li>\n<li><strong>Mesure Spatiale<\/strong> : calcul de la stabilit\u00e9 du v\u00e9hicule par rapport aux trois axes de coordonn\u00e9es, en tenant compte de facteurs tels que l&rsquo;acc\u00e9l\u00e9ration angulaire, l&rsquo;acc\u00e9l\u00e9ration lat\u00e9rale et d&rsquo;autres variables suppl\u00e9mentaires.<\/li>\n<li>: <strong>Calcul de la stabilit\u00e9<\/strong> : \u00ab\u00a0Inclisafe ne se limite pas \u00e0 mesurer des variables, mais calcule la stabilit\u00e9 r\u00e9elle du v\u00e9hicule\u00a0\u00bb 10 fois par seconde en utilisant ses propres algorithmes.<\/li>\n<li>C&rsquo;est le seul syst\u00e8me qui prend en compte le <strong>Moment d&rsquo;Inertie<\/strong> (comment un objet tourne par rapport \u00e0 un axe).<\/li>\n<\/ol>\n<\/div><\/div><\/div><\/div><\/div><\/div><\/div><\/section><section class=\"l-section wpb_row us_custom_f1ef3a5a height_medium\"><div class=\"l-section-h i-cf\"><div class=\"g-cols vc_row via_flex valign_top type_boxes stacking_default\"><div class=\"vc_col-sm-12 wpb_column vc_column_container\"><div class=\"vc_column-inner us_custom_278d8c57\"><div class=\"wpb_wrapper\"><div class=\"wpb_text_column us_custom_f2aeb730 has_text_color\"><div class=\"wpb_wrapper\"><p><a href=\"https:\/\/rugexport.de\/wp-content\/uploads\/2020\/10\/FTF_FR.pdf\" target=\"_blank\" rel=\"noopener noreferrer\"><span style=\"color: #ffffff;\">Fiche Technique Download \u00a0<\/span> <img decoding=\"async\" loading=\"lazy\" class=\"adobe alignnone\" src=\"https:\/\/rugexport.de\/wp-content\/uploads\/2020\/09\/adobe_pdf.png\" alt=\"\" width=\"49\" height=\"49\" \/><\/a><\/p>\n<\/div><\/div><\/div><\/div><\/div><\/div><\/div><\/section>\n","protected":false},"excerpt":{"rendered":"Syst\u00e8me de Stabilit\u00e9 Dynamique Description du Produit Le syst\u00e8me Inclisafe calcule la stabilit\u00e9 du v\u00e9hicule en mouvement et avertit le conducteur en cas de risque de retournement. Inclisafe est programm\u00e9 individuellement avec les param\u00e8tres physiques de chaque v\u00e9hicule. Le syst\u00e8me fonctionne gr\u00e2ce \u00e0 plusieurs capteurs qui d\u00e9tectent et enregistrent les acc\u00e9l\u00e9rations angulaires et d&rsquo;autres param\u00e8tres...","protected":false},"author":4,"featured_media":0,"parent":0,"menu_order":0,"comment_status":"closed","ping_status":"closed","template":"","meta":[],"_links":{"self":[{"href":"https:\/\/rugexport.de\/fr\/wp-json\/wp\/v2\/pages\/1901"}],"collection":[{"href":"https:\/\/rugexport.de\/fr\/wp-json\/wp\/v2\/pages"}],"about":[{"href":"https:\/\/rugexport.de\/fr\/wp-json\/wp\/v2\/types\/page"}],"author":[{"embeddable":true,"href":"https:\/\/rugexport.de\/fr\/wp-json\/wp\/v2\/users\/4"}],"replies":[{"embeddable":true,"href":"https:\/\/rugexport.de\/fr\/wp-json\/wp\/v2\/comments?post=1901"}],"version-history":[{"count":4,"href":"https:\/\/rugexport.de\/fr\/wp-json\/wp\/v2\/pages\/1901\/revisions"}],"predecessor-version":[{"id":1935,"href":"https:\/\/rugexport.de\/fr\/wp-json\/wp\/v2\/pages\/1901\/revisions\/1935"}],"wp:attachment":[{"href":"https:\/\/rugexport.de\/fr\/wp-json\/wp\/v2\/media?parent=1901"}],"curies":[{"name":"wp","href":"https:\/\/api.w.org\/{rel}","templated":true}]}}