{"id":1857,"date":"2020-09-19T21:31:01","date_gmt":"2020-09-19T19:31:01","guid":{"rendered":"https:\/\/rugexport.de\/?page_id=1857"},"modified":"2023-03-23T14:47:58","modified_gmt":"2023-03-23T13:47:58","slug":"sec","status":"publish","type":"page","link":"https:\/\/rugexport.de\/fr\/sec\/","title":{"rendered":"SEC"},"content":{"rendered":"<section class=\"l-section wpb_row us_custom_2742c112 .home height_medium full_height valign_bottom width_full\"><div class=\"l-section-h i-cf\"><div class=\"g-cols vc_row via_flex valign_bottom type_default stacking_default\"><div class=\"vc_col-sm-12 wpb_column vc_column_container\"><div class=\"vc_column-inner\"><div class=\"wpb_wrapper\">\n\t\t\t<!-- START homesecfr REVOLUTION SLIDER 6.5.19 --><p class=\"rs-p-wp-fix\"><\/p>\n\t\t\t<rs-module-wrap id=\"rev_slider_6_1_wrapper\" data-source=\"gallery\" style=\"visibility:hidden;background:transparent;padding:0;margin:0px auto;margin-top:0;margin-bottom:0;\">\n\t\t\t\t<rs-module id=\"rev_slider_6_1\" style=\"\" data-version=\"6.5.19\">\n\t\t\t\t\t<rs-slides>\n\t\t\t\t\t\t<rs-slide style=\"position: absolute;\" data-key=\"rs-6\" data-title=\"Slide\" data-anim=\"ms:1000;r:0;\" data-in=\"o:0;\" data-out=\"a:false;\">\n\t\t\t\t\t\t\t<img src=\"\/\/rugexport.de\/wp-content\/plugins\/revslider\/public\/assets\/assets\/dummy.png\" alt=\"Slide\" title=\"SEC\" class=\"rev-slidebg tp-rs-img rs-lazyload\" data-lazyload=\"\/\/rugexport.de\/wp-content\/plugins\/revslider\/public\/assets\/assets\/transparent.png\" data-no-retina>\n<!--\n\t\t\t\t\t\t\t--><rs-layer\n\t\t\t\t\t\t\t\tid=\"slider-6-slide-6-layer-0\" \n\t\t\t\t\t\t\t\tdata-type=\"image\"\n\t\t\t\t\t\t\t\tdata-rsp_ch=\"on\"\n\t\t\t\t\t\t\t\tdata-xy=\"x:c;y:m,t,t,t;\"\n\t\t\t\t\t\t\t\tdata-text=\"w:normal;s:20,16,12,7;l:0,20,15,9;\"\n\t\t\t\t\t\t\t\tdata-dim=\"w:1589px,1033px,784px,483px;h:894px,581px,441px,272px;\"\n\t\t\t\t\t\t\t\tdata-frame_999=\"o:0;st:w;\"\n\t\t\t\t\t\t\t\tstyle=\"z-index:5;\"\n\t\t\t\t\t\t\t><img src=\"\/\/rugexport.de\/wp-content\/plugins\/revslider\/public\/assets\/assets\/dummy.png\" alt=\"\" class=\"tp-rs-img rs-lazyload\" width=\"1920\" height=\"1080\" data-lazyload=\"\/\/rugexport.de\/wp-content\/uploads\/2020\/09\/BG_RUG_SEC_01.jpg\" data-no-retina> \n\t\t\t\t\t\t\t<\/rs-layer><!--\n\n\t\t\t\t\t\t\t--><rs-layer\n\t\t\t\t\t\t\t\tid=\"slider-6-slide-6-layer-1\" \n\t\t\t\t\t\t\t\tdata-type=\"text\"\n\t\t\t\t\t\t\t\tdata-rsp_ch=\"on\"\n\t\t\t\t\t\t\t\tdata-xy=\"x:c;xo:0,-1px,0,0;y:m;yo:326px,207px,156px,78px;\"\n\t\t\t\t\t\t\t\tdata-text=\"w:normal;s:35,23,18,11;l:38,31,23,18;a:center;\"\n\t\t\t\t\t\t\t\tdata-dim=\"w:1746px,1441px,1094px,526px;h:78,64,48,37;\"\n\t\t\t\t\t\t\t\tdata-frame_999=\"o:0;st:w;\"\n\t\t\t\t\t\t\t\tstyle=\"z-index:6;font-family:'Arial', 'Helvetica', 'sans-serif';text-transform:uppercase;\"\n\t\t\t\t\t\t\t>Syst\u00e8me de Stabilisation des V\u00e9hicules pour les Op\u00e9rations de Sauvetage \n\t\t\t\t\t\t\t<\/rs-layer><!--\n\n\t\t\t\t\t\t\t--><a\n\t\t\t\t\t\t\t\tid=\"slider-6-slide-6-layer-2\" \n\t\t\t\t\t\t\t\tclass=\"rs-layer rev-btn\"\n\t\t\t\t\t\t\t\thref=\"#produkt\" target=\"_self\" rel=\"nofollow\"\n\t\t\t\t\t\t\t\tdata-type=\"button\"\n\t\t\t\t\t\t\t\tdata-rsp_ch=\"on\"\n\t\t\t\t\t\t\t\tdata-xy=\"x:c;xo:0,0,-9px,-1px;yo:802px,512px,382px,293px;\"\n\t\t\t\t\t\t\t\tdata-text=\"w:normal;s:25,20,16,19;l:50,41,36,49;fw:700;\"\n\t\t\t\t\t\t\t\tdata-dim=\"minh:0px,none,none,none;\"\n\t\t\t\t\t\t\t\tdata-padding=\"r:40,33,30,41;l:40,33,30,41;\"\n\t\t\t\t\t\t\t\tdata-border=\"bor:5px,5px,5px,5px;\"\n\t\t\t\t\t\t\t\tdata-frame_0=\"x:0,0,0px,0px;y:0,0,0px,0px;\"\n\t\t\t\t\t\t\t\tdata-frame_1=\"x:0,0,0px,0px;y:0,0,0px,0px;\"\n\t\t\t\t\t\t\t\tdata-frame_999=\"o:0;st:w;\"\n\t\t\t\t\t\t\t\tdata-frame_hover=\"bgc:#5f4b8b;boc:#5f4b8b;bor:5px,5px,5px,5px;e:power0.inOut;bri:100%;\"\n\t\t\t\t\t\t\t\tstyle=\"z-index:7;background-color:#5f4b8b;font-family:'Arial', 'Helvetica', 'sans-serif';\"\n\t\t\t\t\t\t\t>Description du Produit \n\t\t\t\t\t\t\t<\/a><!--\n-->\t\t\t\t\t\t<\/rs-slide>\n\t\t\t\t\t<\/rs-slides>\n\t\t\t\t<\/rs-module>\n\t\t\t\t<script>\n\t\t\t\t\tsetREVStartSize({c: 'rev_slider_6_1',rl:[1240,1024,778,480],el:[900,580,430,350],gw:[1240,1024,778,480],gh:[900,580,430,350],type:'standard',justify:'',layout:'fullwidth',mh:\"0\"});if (window.RS_MODULES!==undefined && window.RS_MODULES.modules!==undefined && window.RS_MODULES.modules[\"revslider61\"]!==undefined) {window.RS_MODULES.modules[\"revslider61\"].once = false;window.revapi6 = undefined;if (window.RS_MODULES.checkMinimal!==undefined) window.RS_MODULES.checkMinimal()}\n\t\t\t\t<\/script>\n\t\t\t<\/rs-module-wrap>\n\t\t\t<!-- END REVOLUTION SLIDER -->\n<\/div><\/div><\/div><\/div><\/div><\/section><section class=\"l-section wpb_row us_custom_9b8f260f textojustificado has_text_color height_large\" id=\"produkt\"><div class=\"l-section-h i-cf\"><div class=\"g-cols vc_row via_flex valign_top type_default stacking_default\"><div class=\"vc_col-sm-12 wpb_column vc_column_container align_center us_animate_afb\"><div class=\"vc_column-inner\"><div class=\"wpb_wrapper\"><div class=\"wpb_text_column us_custom_a773e700\"><div class=\"wpb_wrapper\"><p>Le <strong>SEC<\/strong> est un syst\u00e8me de stabilisation innovant d\u00e9velopp\u00e9 pour les op\u00e9rations de sauvetage des v\u00e9hicules accident\u00e9s, con\u00e7u et d\u00e9velopp\u00e9 par les pompiers pour les pompiers.<\/p>\n<p>Le syst\u00e8me <strong>SEC<\/strong> stabilise non seulement le v\u00e9hicule accident\u00e9, mais il compense aussi automatiquement la hauteur lors du levage ou de l&rsquo;enl\u00e8vement de pi\u00e8ces du v\u00e9hicule.<\/p>\n<p>En d&rsquo;autres termes, le v\u00e9hicule est <strong>automatiquement re-stabilis\u00e9<\/strong>. Le syst\u00e8me optimise le sauvetage des personnes bless\u00e9es, remplace l&rsquo;utilisation de blocs de bois utilis\u00e9s dans la stabilisation, r\u00e9duisant ainsi consid\u00e9rablement le temps d&rsquo;intervention.<\/p>\n<\/div><\/div><div class=\"w-btn-wrapper align_none\"><a class=\"w-btn us-btn-style_4 us_custom_1e0e9307 icon_atleft\" href=\"#vorteile\"><i class=\"far fa-plus-square\"><\/i><span class=\"w-btn-label\">Avantages<\/span><\/a><\/div><div class=\"w-separator size_medium\"><\/div><\/div><\/div><\/div><\/div><\/div><\/section><!-- Row Backgrounds --><div class=\"upb_color\" data-bg-override=\"0\" data-bg-color=\"\" data-fadeout=\"\" data-fadeout-percentage=\"30\" data-parallax-content=\"\" data-parallax-content-sense=\"30\" data-row-effect-mobile-disable=\"true\" data-img-parallax-mobile-disable=\"true\" data-rtl=\"false\"  data-custom-vc-row=\"\"  data-vc=\"6.8.0\"  data-is_old_vc=\"\"  data-theme-support=\"\"   data-overlay=\"false\" data-overlay-color=\"\" data-overlay-pattern=\"\" data-overlay-pattern-opacity=\"\" data-overlay-pattern-size=\"\"    data-seperator=\"true\"  data-seperator-type=\"xlarge_triangle_seperator\"  data-seperator-shape-size=\"40\"  data-seperator-svg-height=\"100\"  data-seperator-full-width=\"true\" data-seperator-position=\"bottom_seperator\"  data-seperator-background-color=\"#ffffff\"  data-icon=\"\"  ><\/div><section class=\"l-section wpb_row us_custom_6a4d3d6c height_medium color_alternate\" id=\"vorteile\"><div class=\"l-section-h i-cf\"><div class=\"g-cols vc_row via_flex valign_top type_default stacking_default\"><div class=\"vc_col-sm-12 wpb_column vc_column_container\"><div class=\"vc_column-inner\"><div class=\"wpb_wrapper\"><div class=\"wpb_text_column\"><div class=\"wpb_wrapper\"><h2>AVANTAGES DU PRODUIT<\/h2>\n<\/div><\/div><\/div><\/div><\/div><\/div><\/div><\/section><section class=\"l-section wpb_row height_auto\"><div class=\"l-section-h i-cf\"><div class=\"g-cols vc_row via_flex valign_middle type_default stacking_default\"><div class=\"vc_col-sm-12 wpb_column vc_column_container\"><div class=\"vc_column-inner\"><div class=\"wpb_wrapper\"><div class=\"g-cols wpb_row us_custom_1b8b0725 via_flex valign_middle type_default stacking_default\"><div class=\"vc_col-sm-3 wpb_column vc_column_container\"><div class=\"vc_column-inner\"><div class=\"wpb_wrapper\"><div class=\"w-iconbox iconpos_top style_default color_primary align_center no_text\"><div class=\"w-iconbox-icon\" style=\"font-size:48px;\"><i class=\"fas fa-check-double\"><\/i><\/div><div class=\"w-iconbox-meta\"><h4 class=\"w-iconbox-title\">Mise en Service Rapide et Facile<\/h4><\/div><\/div><\/div><\/div><\/div><div class=\"vc_col-sm-3 wpb_column vc_column_container\"><div class=\"vc_column-inner\"><div class=\"wpb_wrapper\"><div class=\"w-iconbox iconpos_top style_default color_primary align_center no_text\"><div class=\"w-iconbox-icon\" style=\"font-size:48px;\"><i class=\"far fa-arrows-alt\"><\/i><\/div><div class=\"w-iconbox-meta\"><h4 class=\"w-iconbox-title\">Zone de Travail D\u00e9gag\u00e9e de tout Obstacle<\/h4><\/div><\/div><\/div><\/div><\/div><div class=\"vc_col-sm-3 wpb_column vc_column_container\"><div class=\"vc_column-inner\"><div class=\"wpb_wrapper\"><div class=\"w-iconbox iconpos_top style_default color_primary align_center no_text\"><div class=\"w-iconbox-icon\" style=\"font-size:48px;\"><i class=\"fas fa-tachometer-alt\"><\/i><\/div><div class=\"w-iconbox-meta\"><h4 class=\"w-iconbox-title\">Restabilisation Automatique<\/h4><\/div><\/div><\/div><\/div><\/div><div class=\"vc_col-sm-3 wpb_column vc_column_container\"><div class=\"vc_column-inner\"><div class=\"wpb_wrapper\"><div class=\"w-iconbox iconpos_top style_default color_primary align_center no_text\"><div class=\"w-iconbox-icon\" style=\"font-size:48px;\"><i class=\"fas fa-dice-three\"><\/i><\/div><div class=\"w-iconbox-meta\"><h4 class=\"w-iconbox-title\">Solution Id\u00e9ale pour les 3 Stabilisations de Basiques<\/h4><\/div><\/div><\/div><\/div><\/div><\/div><\/div><\/div><\/div><\/div><\/div><\/section><section class=\"l-section wpb_row us_custom_ee2686e1 textojustificado height_medium\"><div class=\"l-section-h i-cf\"><div class=\"g-cols vc_row via_flex valign_top type_default stacking_default\"><div class=\"vc_col-sm-6 wpb_column vc_column_container medio\"><div class=\"vc_column-inner\"><div class=\"wpb_wrapper\"><div class=\"w-image align_none\"><div class=\"w-image-h\"><img width=\"920\" height=\"727\" src=\"https:\/\/rugexport.de\/wp-content\/uploads\/2020\/09\/sec-920x727.jpg\" class=\"attachment-large size-large\" alt=\"\" decoding=\"async\" loading=\"lazy\" srcset=\"https:\/\/rugexport.de\/wp-content\/uploads\/2020\/09\/sec-920x727.jpg 920w, https:\/\/rugexport.de\/wp-content\/uploads\/2020\/09\/sec-620x490.jpg 620w, https:\/\/rugexport.de\/wp-content\/uploads\/2020\/09\/sec-500x395.jpg 500w, https:\/\/rugexport.de\/wp-content\/uploads\/2020\/09\/sec-768x607.jpg 768w, https:\/\/rugexport.de\/wp-content\/uploads\/2020\/09\/sec.jpg 1015w\" sizes=\"(max-width: 920px) 100vw, 920px\" \/><\/div><\/div><\/div><\/div><\/div><div class=\"vc_col-sm-6 wpb_column vc_column_container\"><div class=\"vc_column-inner us_custom_edb423b1\"><div class=\"wpb_wrapper\"><div class=\"wpb_text_column\"><div class=\"wpb_wrapper\"><ol>\n<li><strong>Rapide et facile \u00e0 mettre en service<\/strong>.<\/li>\n<li>SEC facilite le travail de sauvetage des pompiers, puisque la <strong>Zone d&rsquo;Op\u00e9ration Reste D\u00e9gag\u00e9e de tout Obstacle<\/strong>.<\/li>\n<li><strong>Re-stabilisation automatique<\/strong> du v\u00e9hicule tous les 2,5 mm. La seconde \u00e9vite la re-stabilisation manuelle du v\u00e9hicule, optimise le processus et r\u00e9duit le temps de sauvetage.<\/li>\n<li>Il peut \u00eatre utilis\u00e9 pour les <strong>3 Stabilisations Basiques<\/strong> : v\u00e9hicule sur les roues, sur le c\u00f4t\u00e9 et reposant sur le toit. La SEC est compl\u00e9mentaire du \u00ab\u00a0Stab Fast\u00a0\u00bb en position lat\u00e9rale).<\/li>\n<\/ol>\n<\/div><\/div><\/div><\/div><\/div><\/div><\/div><\/section><section class=\"l-section wpb_row us_custom_6a4d3d6c height_medium\"><div class=\"l-section-h i-cf\"><div class=\"g-cols vc_row via_flex valign_top type_default stacking_default\"><div class=\"vc_col-sm-12 wpb_column vc_column_container\"><div class=\"vc_column-inner\"><div class=\"wpb_wrapper\"><div class=\"w-separator size_huge with_line width_screen thick_5 style_solid color_primary align_center\"><div class=\"w-separator-h\"><\/div><\/div><div class=\"g-cols wpb_row via_flex valign_middle type_default stacking_default\"><div class=\"vc_col-sm-4 wpb_column vc_column_container\"><div class=\"vc_column-inner\"><div class=\"wpb_wrapper\"><div class=\"w-image align_none\"><div class=\"w-image-h\"><img width=\"741\" height=\"398\" src=\"https:\/\/rugexport.de\/wp-content\/uploads\/2020\/09\/paso1.jpg\" class=\"attachment-large size-large\" alt=\"\" decoding=\"async\" loading=\"lazy\" srcset=\"https:\/\/rugexport.de\/wp-content\/uploads\/2020\/09\/paso1.jpg 741w, https:\/\/rugexport.de\/wp-content\/uploads\/2020\/09\/paso1-620x333.jpg 620w, https:\/\/rugexport.de\/wp-content\/uploads\/2020\/09\/paso1-500x269.jpg 500w\" sizes=\"(max-width: 741px) 100vw, 741px\" \/><\/div><\/div><\/div><\/div><\/div><div class=\"vc_col-sm-4 wpb_column vc_column_container\"><div class=\"vc_column-inner\"><div class=\"wpb_wrapper\"><div class=\"w-image align_none\"><div class=\"w-image-h\"><img width=\"689\" height=\"398\" src=\"https:\/\/rugexport.de\/wp-content\/uploads\/2020\/09\/paso2.jpg\" class=\"attachment-large size-large\" alt=\"\" decoding=\"async\" loading=\"lazy\" srcset=\"https:\/\/rugexport.de\/wp-content\/uploads\/2020\/09\/paso2.jpg 689w, https:\/\/rugexport.de\/wp-content\/uploads\/2020\/09\/paso2-620x358.jpg 620w, https:\/\/rugexport.de\/wp-content\/uploads\/2020\/09\/paso2-500x289.jpg 500w\" sizes=\"(max-width: 689px) 100vw, 689px\" \/><\/div><\/div><\/div><\/div><\/div><div class=\"vc_col-sm-4 wpb_column vc_column_container\"><div class=\"vc_column-inner\"><div class=\"wpb_wrapper\"><div class=\"w-image align_none\"><div class=\"w-image-h\"><img width=\"495\" height=\"398\" src=\"https:\/\/rugexport.de\/wp-content\/uploads\/2020\/09\/paso3.jpg\" class=\"attachment-large size-large\" alt=\"\" decoding=\"async\" loading=\"lazy\" \/><\/div><\/div><\/div><\/div><\/div><\/div><\/div><\/div><\/div><\/div><\/div><\/section><section class=\"l-section wpb_row us_custom_278d8c57 height_medium\"><div class=\"l-section-h i-cf\"><div class=\"g-cols vc_row via_flex valign_top type_default stacking_default\"><div class=\"vc_col-sm-12 wpb_column vc_column_container\"><div class=\"vc_column-inner\"><div class=\"wpb_wrapper\"><div class=\"w-btn-wrapper align_center\"><a class=\"w-btn us-btn-style_3 us_custom_1e0e9307 icon_atleft\" href=\"#video\"><i class=\"far fa-plus-square\"><\/i><span class=\"w-btn-label\">Video<\/span><\/a><\/div><\/div><\/div><\/div><\/div><\/div><\/section><section class=\"l-section wpb_row us_custom_f1ef3a5a height_medium\"><div class=\"l-section-h i-cf\"><div class=\"g-cols vc_row via_flex valign_top type_boxes stacking_default\"><div class=\"vc_col-sm-12 wpb_column vc_column_container\"><div class=\"vc_column-inner us_custom_278d8c57\"><div class=\"wpb_wrapper\"><div class=\"wpb_text_column us_custom_f2aeb730 has_text_color\"><div class=\"wpb_wrapper\"><p><a href=\"https:\/\/rugexport.de\/wp-content\/uploads\/2020\/09\/SEC_FT_FR.pdf\" target=\"_blank\" rel=\"noopener noreferrer\"><span style=\"color: #ffffff;\">Fiche technique T\u00e9l\u00e9charger<\/span> <img decoding=\"async\" loading=\"lazy\" class=\"adobe alignnone\" src=\"https:\/\/rugexport.de\/wp-content\/uploads\/2020\/09\/adobe_pdf.png\" alt=\"\" width=\"49\" height=\"49\" \/><\/a><\/p>\n<\/div><\/div><\/div><\/div><\/div><\/div><\/div><\/section><section class=\"l-section wpb_row us_custom_80e2cd6d height_medium\" id=\"video\"><div class=\"l-section-h i-cf\"><div class=\"g-cols vc_row via_flex valign_top type_default stacking_default\"><div class=\"vc_col-sm-12 wpb_column vc_column_container\"><div class=\"vc_column-inner\"><div class=\"wpb_wrapper\">[vc_raw_html css=\u00a0\u00bb%7B%22default%22%3A%7B%22text-align%22%3A%22center%22%7D%7D\u00a0\u00bb]JTNDaWZyYW1lJTIwd2lkdGglM0QlMjIxMDAlMjUlMjIlMjBoZWlnaHQlM0QlMjI2NTBweCUyMiUyMHNyYyUzRCUyMmh0dHBzJTNBJTJGJTJGd3d3LnlvdXR1YmUtbm9jb29raWUuY29tJTJGZW1iZWQlMkZ2ZXVZMW5waHpMSSUyMiUyMHRpdGxlJTNEJTIyWW91VHViZSUyMHZpZGVvJTIwcGxheWVyJTIyJTIwZnJhbWVib3JkZXIlM0QlMjIwJTIyJTIwYWxsb3clM0QlMjJhY2NlbGVyb21ldGVyJTNCJTIwYXV0b3BsYXklM0IlMjBjbGlwYm9hcmQtd3JpdGUlM0IlMjBlbmNyeXB0ZWQtbWVkaWElM0IlMjBneXJvc2NvcGUlM0IlMjBwaWN0dXJlLWluLXBpY3R1cmUlM0IlMjB3ZWItc2hhcmUlMjIlMjBhbGxvd2Z1bGxzY3JlZW4lM0UlM0MlMkZpZnJhbWUlM0U=[\/vc_raw_html]<\/div><\/div><\/div><\/div><\/div><\/section>\n","protected":false},"excerpt":{"rendered":"Syst\u00e8me de Stabilisation des V\u00e9hicules pour les Op\u00e9rations de Sauvetage Description du Produit Le SEC est un syst\u00e8me de stabilisation innovant d\u00e9velopp\u00e9 pour les op\u00e9rations de sauvetage des v\u00e9hicules accident\u00e9s, con\u00e7u et d\u00e9velopp\u00e9 par les pompiers pour les pompiers. Le syst\u00e8me SEC stabilise non seulement le v\u00e9hicule accident\u00e9, mais il compense aussi automatiquement la hauteur...","protected":false},"author":4,"featured_media":0,"parent":0,"menu_order":0,"comment_status":"closed","ping_status":"closed","template":"","meta":[],"_links":{"self":[{"href":"https:\/\/rugexport.de\/fr\/wp-json\/wp\/v2\/pages\/1857"}],"collection":[{"href":"https:\/\/rugexport.de\/fr\/wp-json\/wp\/v2\/pages"}],"about":[{"href":"https:\/\/rugexport.de\/fr\/wp-json\/wp\/v2\/types\/page"}],"author":[{"embeddable":true,"href":"https:\/\/rugexport.de\/fr\/wp-json\/wp\/v2\/users\/4"}],"replies":[{"embeddable":true,"href":"https:\/\/rugexport.de\/fr\/wp-json\/wp\/v2\/comments?post=1857"}],"version-history":[{"count":9,"href":"https:\/\/rugexport.de\/fr\/wp-json\/wp\/v2\/pages\/1857\/revisions"}],"predecessor-version":[{"id":2141,"href":"https:\/\/rugexport.de\/fr\/wp-json\/wp\/v2\/pages\/1857\/revisions\/2141"}],"wp:attachment":[{"href":"https:\/\/rugexport.de\/fr\/wp-json\/wp\/v2\/media?parent=1857"}],"curies":[{"name":"wp","href":"https:\/\/api.w.org\/{rel}","templated":true}]}}