{"id":2023,"date":"2020-12-02T06:01:22","date_gmt":"2020-12-02T05:01:22","guid":{"rendered":"https:\/\/rugexport.de\/?page_id=2023"},"modified":"2023-03-23T14:58:05","modified_gmt":"2023-03-23T13:58:05","slug":"emili-12","status":"publish","type":"page","link":"https:\/\/rugexport.de\/es\/emili-12\/","title":{"rendered":"Emili 12"},"content":{"rendered":"<section class=\"l-section wpb_row us_custom_2742c112 .home height_medium full_height valign_bottom width_full\"><div class=\"l-section-h i-cf\"><div class=\"g-cols vc_row via_flex valign_bottom type_default stacking_default\"><div class=\"vc_col-sm-12 wpb_column vc_column_container\"><div class=\"vc_column-inner\"><div class=\"wpb_wrapper\">\n\t\t\t<!-- START homeemili12esp REVOLUTION SLIDER 6.5.19 --><p class=\"rs-p-wp-fix\"><\/p>\n\t\t\t<rs-module-wrap id=\"rev_slider_12_1_wrapper\" data-source=\"gallery\" style=\"visibility:hidden;background:transparent;padding:0;margin:0px auto;margin-top:0;margin-bottom:0;\">\n\t\t\t\t<rs-module id=\"rev_slider_12_1\" style=\"\" data-version=\"6.5.19\">\n\t\t\t\t\t<rs-slides>\n\t\t\t\t\t\t<rs-slide style=\"position: absolute;\" data-key=\"rs-12\" data-title=\"Slide\" data-anim=\"ms:1000;r:0;\" data-in=\"o:0;\" data-out=\"a:false;\">\n\t\t\t\t\t\t\t<img src=\"\/\/rugexport.de\/wp-content\/plugins\/revslider\/public\/assets\/assets\/dummy.png\" alt=\"Slide\" title=\"Emili 12\" class=\"rev-slidebg tp-rs-img rs-lazyload\" data-lazyload=\"\/\/rugexport.de\/wp-content\/plugins\/revslider\/public\/assets\/assets\/transparent.png\" data-no-retina>\n<!--\n\t\t\t\t\t\t\t--><rs-layer\n\t\t\t\t\t\t\t\tid=\"slider-12-slide-12-layer-0\" \n\t\t\t\t\t\t\t\tdata-type=\"image\"\n\t\t\t\t\t\t\t\tdata-rsp_ch=\"on\"\n\t\t\t\t\t\t\t\tdata-xy=\"x:c;y:m,t,t,t;\"\n\t\t\t\t\t\t\t\tdata-text=\"w:normal;s:20,16,12,7;l:0,20,15,9;\"\n\t\t\t\t\t\t\t\tdata-dim=\"w:1596px,1033px,784px,483px;h:898px,581px,441px,272px;\"\n\t\t\t\t\t\t\t\tdata-frame_999=\"o:0;st:w;\"\n\t\t\t\t\t\t\t\tstyle=\"z-index:5;\"\n\t\t\t\t\t\t\t><img src=\"\/\/rugexport.de\/wp-content\/plugins\/revslider\/public\/assets\/assets\/dummy.png\" alt=\"\" class=\"tp-rs-img rs-lazyload\" width=\"1920\" height=\"1080\" data-lazyload=\"\/\/rugexport.de\/wp-content\/uploads\/2020\/12\/BG_RUG_Emili.jpg\" data-no-retina> \n\t\t\t\t\t\t\t<\/rs-layer><!--\n\n\t\t\t\t\t\t\t--><rs-layer\n\t\t\t\t\t\t\t\tid=\"slider-12-slide-12-layer-1\" \n\t\t\t\t\t\t\t\tdata-type=\"text\"\n\t\t\t\t\t\t\t\tdata-rsp_ch=\"on\"\n\t\t\t\t\t\t\t\tdata-xy=\"x:c;y:m;yo:290px,198px,152px,81px;\"\n\t\t\t\t\t\t\t\tdata-text=\"w:normal;s:70,55,41,26;l:38,31,23,18;a:center;\"\n\t\t\t\t\t\t\t\tdata-dim=\"w:1347px,1112px,844px,596px;h:78,64,48,37;\"\n\t\t\t\t\t\t\t\tdata-frame_999=\"o:0;st:w;\"\n\t\t\t\t\t\t\t\tstyle=\"z-index:6;font-family:'Arial', 'Helvetica', 'sans-serif';text-transform:uppercase;\"\n\t\t\t\t\t\t\t>Balsa plegable 12 000 litros \n\t\t\t\t\t\t\t<\/rs-layer><!--\n\n\t\t\t\t\t\t\t--><a\n\t\t\t\t\t\t\t\tid=\"slider-12-slide-12-layer-2\" \n\t\t\t\t\t\t\t\tclass=\"rs-layer rev-btn\"\n\t\t\t\t\t\t\t\thref=\"#produkt\" target=\"_self\" rel=\"nofollow\"\n\t\t\t\t\t\t\t\tdata-type=\"button\"\n\t\t\t\t\t\t\t\tdata-rsp_ch=\"on\"\n\t\t\t\t\t\t\t\tdata-xy=\"x:c;xo:0,0,-9px,-1px;yo:781px,512px,382px,293px;\"\n\t\t\t\t\t\t\t\tdata-text=\"w:normal;s:24,19,16,19;l:50,41,36,49;fw:700;\"\n\t\t\t\t\t\t\t\tdata-dim=\"minh:0px,none,none,none;\"\n\t\t\t\t\t\t\t\tdata-padding=\"r:40,33,30,41;l:40,33,30,41;\"\n\t\t\t\t\t\t\t\tdata-border=\"bor:5px,5px,5px,5px;\"\n\t\t\t\t\t\t\t\tdata-frame_0=\"x:0,0,0px,0px;y:0,0,0px,0px;\"\n\t\t\t\t\t\t\t\tdata-frame_1=\"x:0,0,0px,0px;y:0,0,0px,0px;\"\n\t\t\t\t\t\t\t\tdata-frame_999=\"o:0;st:w;\"\n\t\t\t\t\t\t\t\tdata-frame_hover=\"bgc:#5f4b8b;boc:#5f4b8b;bor:5px,5px,5px,5px;e:power0.inOut;bri:100%;\"\n\t\t\t\t\t\t\t\tstyle=\"z-index:7;background-color:#5f4b8b;font-family:'Arial', 'Helvetica', 'sans-serif';\"\n\t\t\t\t\t\t\t>Descripci\u00f3n del Producto \n\t\t\t\t\t\t\t<\/a><!--\n-->\t\t\t\t\t\t<\/rs-slide>\n\t\t\t\t\t<\/rs-slides>\n\t\t\t\t<\/rs-module>\n\t\t\t\t<script>\n\t\t\t\t\tsetREVStartSize({c: 'rev_slider_12_1',rl:[1240,1024,778,480],el:[900,580,430,350],gw:[1240,1024,778,480],gh:[900,580,430,350],type:'standard',justify:'',layout:'fullwidth',mh:\"0\"});if (window.RS_MODULES!==undefined && window.RS_MODULES.modules!==undefined && window.RS_MODULES.modules[\"revslider121\"]!==undefined) {window.RS_MODULES.modules[\"revslider121\"].once = false;window.revapi12 = undefined;if (window.RS_MODULES.checkMinimal!==undefined) window.RS_MODULES.checkMinimal()}\n\t\t\t\t<\/script>\n\t\t\t<\/rs-module-wrap>\n\t\t\t<!-- END REVOLUTION SLIDER -->\n<\/div><\/div><\/div><\/div><\/div><\/section><section class=\"l-section wpb_row us_custom_9b8f260f textojustificado has_text_color height_large\" id=\"produkt\"><div class=\"l-section-h i-cf\"><div class=\"g-cols vc_row via_flex valign_top type_default stacking_default\"><div class=\"vc_col-sm-12 wpb_column vc_column_container align_center us_animate_afb\"><div class=\"vc_column-inner\"><div class=\"wpb_wrapper\"><div class=\"wpb_text_column us_custom_a773e700\"><div class=\"wpb_wrapper\"><p>Balsa <strong>plegable y transportable<\/strong> con capacidad para 12 000L con estructura de aluminio, dise\u00f1ada para almacenar e intercambiar agua entre autobombas contraincendios.<\/p>\n<p>Pensada para montar un punto de <strong>abastecimiento de agua de forma r\u00e1pida<\/strong> y agil en aquellos lugares donde no se dispone de acceso a hidrantes, rios o lagos.<\/p>\n<p>Para posibilitar de forma <strong>eficiente el vaciado de la balsa<\/strong>, Emil 12 \u00e9st\u00e1 equipada con una manga de desag\u00fce y provista de asas en su interior, que facilitan tambi\u00e9n el plegado y posterior almacenaje del producto.<\/p>\n<p>As\u00ed mismo cuenta con <strong>protectores en las esquinas<\/strong> para evitar el pinzamiento de la lona con las bisagras y <strong>tirantes<\/strong> en la parte superior para proteger la estructura de las cargas.<\/p>\n<\/div><\/div><div class=\"w-btn-wrapper align_none\"><a class=\"w-btn us-btn-style_4 us_custom_1e0e9307 icon_atleft\" href=\"#vorteile\"><i class=\"far fa-plus-square\"><\/i><span class=\"w-btn-label\">Ventajas<\/span><\/a><\/div><div class=\"w-separator size_medium\"><\/div><\/div><\/div><\/div><\/div><\/div><\/section><!-- Row Backgrounds --><div class=\"upb_color\" data-bg-override=\"0\" data-bg-color=\"\" data-fadeout=\"\" data-fadeout-percentage=\"30\" data-parallax-content=\"\" data-parallax-content-sense=\"30\" data-row-effect-mobile-disable=\"true\" data-img-parallax-mobile-disable=\"true\" data-rtl=\"false\"  data-custom-vc-row=\"\"  data-vc=\"6.8.0\"  data-is_old_vc=\"\"  data-theme-support=\"\"   data-overlay=\"false\" data-overlay-color=\"\" data-overlay-pattern=\"\" data-overlay-pattern-opacity=\"\" data-overlay-pattern-size=\"\"    data-seperator=\"true\"  data-seperator-type=\"xlarge_triangle_seperator\"  data-seperator-shape-size=\"40\"  data-seperator-svg-height=\"100\"  data-seperator-full-width=\"true\" data-seperator-position=\"bottom_seperator\"  data-seperator-background-color=\"#ffffff\"  data-icon=\"\"  ><\/div><section class=\"l-section wpb_row us_custom_6a4d3d6c height_medium color_alternate\" id=\"vorteile\"><div class=\"l-section-h i-cf\"><div class=\"g-cols vc_row via_flex valign_top type_default stacking_default\"><div class=\"vc_col-sm-12 wpb_column vc_column_container\"><div class=\"vc_column-inner\"><div class=\"wpb_wrapper\"><div class=\"wpb_text_column\"><div class=\"wpb_wrapper\"><h2><strong>VENTAJAS DEL PRODUCTO<\/strong><\/h2>\n<\/div><\/div><\/div><\/div><\/div><\/div><\/div><\/section><section class=\"l-section wpb_row height_auto\"><div class=\"l-section-h i-cf\"><div class=\"g-cols vc_row via_flex valign_middle type_default stacking_default\"><div class=\"vc_col-sm-12 wpb_column vc_column_container\"><div class=\"vc_column-inner\"><div class=\"wpb_wrapper\"><div class=\"g-cols wpb_row us_custom_1b8b0725 via_flex valign_middle type_default stacking_default\"><div class=\"vc_col-sm-4 wpb_column vc_column_container\"><div class=\"vc_column-inner\"><div class=\"wpb_wrapper\"><div class=\"w-iconbox iconpos_top style_default color_primary align_center no_text\"><div class=\"w-iconbox-icon\" style=\"font-size:48px;\"><i class=\"fas fa-fire-alt\"><\/i><\/div><div class=\"w-iconbox-meta\"><h4 class=\"w-iconbox-title\">De uso recomendado en la lucha contra incendios forestales<\/h4><\/div><\/div><\/div><\/div><\/div><div class=\"vc_col-sm-4 wpb_column vc_column_container\"><div class=\"vc_column-inner\"><div class=\"wpb_wrapper\"><div class=\"w-iconbox iconpos_top style_default color_primary align_center no_text\"><div class=\"w-iconbox-icon\" style=\"font-size:48px;\"><i class=\"far fa-bahai\"><\/i><\/div><div class=\"w-iconbox-meta\"><h4 class=\"w-iconbox-title\">De f\u00e1cil montaje, uso y drenaje<\/h4><\/div><\/div><\/div><\/div><\/div><div class=\"vc_col-sm-4 wpb_column vc_column_container\"><div class=\"vc_column-inner\"><div class=\"wpb_wrapper\"><div class=\"w-iconbox iconpos_top style_default color_primary align_center no_text\"><div class=\"w-iconbox-icon\" style=\"font-size:48px;\"><i class=\"fas fa-ruler-combined\"><\/i><\/div><div class=\"w-iconbox-meta\"><h4 class=\"w-iconbox-title\">Fabricaci\u00f3n adaptable a las necesidades del cliente<\/h4><\/div><\/div><\/div><\/div><\/div><\/div><\/div><\/div><\/div><\/div><\/div><\/section><section class=\"l-section wpb_row us_custom_ee2686e1 textojustificado height_medium\"><div class=\"l-section-h i-cf\"><div class=\"g-cols vc_row via_flex valign_top type_default stacking_default\"><div class=\"vc_col-sm-6 wpb_column vc_column_container\"><div class=\"vc_column-inner\"><div class=\"wpb_wrapper\"><div class=\"w-image align_center\"><div class=\"w-image-h\"><img width=\"337\" height=\"450\" src=\"https:\/\/rugexport.de\/wp-content\/uploads\/2020\/12\/Emili_12.jpg\" class=\"attachment-us_400_450 size-us_400_450\" alt=\"\" decoding=\"async\" loading=\"lazy\" srcset=\"https:\/\/rugexport.de\/wp-content\/uploads\/2020\/12\/Emili_12.jpg 623w, https:\/\/rugexport.de\/wp-content\/uploads\/2020\/12\/Emili_12-620x827.jpg 620w, https:\/\/rugexport.de\/wp-content\/uploads\/2020\/12\/Emili_12-500x667.jpg 500w, https:\/\/rugexport.de\/wp-content\/uploads\/2020\/12\/Emili_12-400x534.jpg 400w\" sizes=\"(max-width: 337px) 100vw, 337px\" \/><\/div><\/div><\/div><\/div><\/div><div class=\"vc_col-sm-6 wpb_column vc_column_container medio\"><div class=\"vc_column-inner us_custom_edb423b1\"><div class=\"wpb_wrapper\"><div class=\"wpb_text_column\"><div class=\"wpb_wrapper\"><ol>\n<li>Emili 12 posibilita el montaje inmediato de un dep\u00f3sito de agua en zonas forestales donde no hay hidrantes. Es un recurso log\u00edstico indispensable en la lucha contra los <strong>incendios forestales<\/strong>.<\/li>\n<li>Gracias a su ligera estructura de aluminio, la balsa puede ser <strong>transportada, montada y desmontada r\u00e1pidamente<\/strong> por dos bomberos (peso 50 kg).<\/li>\n<li>La fabricaci\u00f3n del producto puede adaptarse a las <strong>necesidades del cliente<\/strong>: capacidad (L), materiales, estructura e identidad del cuerpo de bomberos (color y logotipo).<\/li>\n<li>La balsa para extinci\u00f3n de incendios puede ser adquirida opcionalmente con <strong>accesorios especialmente dise\u00f1ados<\/strong> para aumentar el rendimiento del producto: Mangote de exhalaci\u00f3n, V\u00e1vula de exhalaci\u00f3n y soporte para la l\u00ednea de suministro de hidrantes.<\/li>\n<\/ol>\n<\/div><\/div><\/div><\/div><\/div><\/div><\/div><\/section><section class=\"l-section wpb_row us_custom_278d8c57 height_medium\"><div class=\"l-section-h i-cf\"><div class=\"g-cols vc_row via_flex valign_top type_default stacking_default\"><div class=\"vc_col-sm-12 wpb_column vc_column_container\"><div class=\"vc_column-inner\"><div class=\"wpb_wrapper\"><div class=\"w-btn-wrapper align_center\"><a class=\"w-btn us-btn-style_3 us_custom_1e0e9307 icon_atleft\" href=\"#video\"><i class=\"far fa-plus-square\"><\/i><span class=\"w-btn-label\">Video<\/span><\/a><\/div><\/div><\/div><\/div><\/div><\/div><\/section><section class=\"l-section wpb_row us_custom_f1ef3a5a height_medium\"><div class=\"l-section-h i-cf\"><div class=\"g-cols vc_row via_flex valign_top type_boxes stacking_default\"><div class=\"vc_col-sm-12 wpb_column vc_column_container\"><div class=\"vc_column-inner us_custom_278d8c57\"><div class=\"wpb_wrapper\"><div class=\"wpb_text_column us_custom_f2aeb730 has_text_color\"><div class=\"wpb_wrapper\"><p><a href=\"https:\/\/rugexport.de\/wp-content\/uploads\/2020\/12\/EMILI_12_FT_ES.pdf\" target=\"_blank\" rel=\"noopener noreferrer\"><span style=\"color: #ffffff;\">Ficha T\u00e9cnica Download\u00a0<\/span> <img decoding=\"async\" loading=\"lazy\" class=\"adobe alignnone\" src=\"https:\/\/rugexport.de\/wp-content\/uploads\/2020\/09\/adobe_pdf.png\" alt=\"\" width=\"49\" height=\"49\" \/><\/a><\/p>\n<\/div><\/div><\/div><\/div><\/div><\/div><\/div><\/section><section class=\"l-section wpb_row us_custom_80e2cd6d height_medium\" id=\"video\"><div class=\"l-section-h i-cf\"><div class=\"g-cols vc_row via_flex valign_top type_default stacking_default\"><div class=\"vc_col-sm-12 wpb_column vc_column_container\"><div class=\"vc_column-inner\"><div class=\"wpb_wrapper\">[vc_raw_html css=\u00bb%7B%22default%22%3A%7B%22text-align%22%3A%22center%22%7D%7D\u00bb]JTNDaWZyYW1lJTIwd2lkdGglM0QlMjIxMDAlMjUlMjIlMjBoZWlnaHQlM0QlMjI2NTBweCUyMiUyMHNyYyUzRCUyMmh0dHBzJTNBJTJGJTJGd3d3LnlvdXR1YmUtbm9jb29raWUuY29tJTJGZW1iZWQlMkZWXzVKM2tqcVhBayUyMiUyMHRpdGxlJTNEJTIyWW91VHViZSUyMHZpZGVvJTIwcGxheWVyJTIyJTIwZnJhbWVib3JkZXIlM0QlMjIwJTIyJTIwYWxsb3clM0QlMjJhY2NlbGVyb21ldGVyJTNCJTIwYXV0b3BsYXklM0IlMjBjbGlwYm9hcmQtd3JpdGUlM0IlMjBlbmNyeXB0ZWQtbWVkaWElM0IlMjBneXJvc2NvcGUlM0IlMjBwaWN0dXJlLWluLXBpY3R1cmUlM0IlMjB3ZWItc2hhcmUlMjIlMjBhbGxvd2Z1bGxzY3JlZW4lM0UlM0MlMkZpZnJhbWUlM0U=[\/vc_raw_html]<\/div><\/div><\/div><\/div><\/div><\/section>\n","protected":false},"excerpt":{"rendered":"Balsa plegable 12 000 litros Descripci\u00f3n del Producto Balsa plegable y transportable con capacidad para 12 000L con estructura de aluminio, dise\u00f1ada para almacenar e intercambiar agua entre autobombas contraincendios. Pensada para montar un punto de abastecimiento de agua de forma r\u00e1pida y agil en aquellos lugares donde no se dispone de acceso a hidrantes,...","protected":false},"author":4,"featured_media":0,"parent":0,"menu_order":0,"comment_status":"closed","ping_status":"closed","template":"","meta":[],"_links":{"self":[{"href":"https:\/\/rugexport.de\/es\/wp-json\/wp\/v2\/pages\/2023"}],"collection":[{"href":"https:\/\/rugexport.de\/es\/wp-json\/wp\/v2\/pages"}],"about":[{"href":"https:\/\/rugexport.de\/es\/wp-json\/wp\/v2\/types\/page"}],"author":[{"embeddable":true,"href":"https:\/\/rugexport.de\/es\/wp-json\/wp\/v2\/users\/4"}],"replies":[{"embeddable":true,"href":"https:\/\/rugexport.de\/es\/wp-json\/wp\/v2\/comments?post=2023"}],"version-history":[{"count":6,"href":"https:\/\/rugexport.de\/es\/wp-json\/wp\/v2\/pages\/2023\/revisions"}],"predecessor-version":[{"id":2148,"href":"https:\/\/rugexport.de\/es\/wp-json\/wp\/v2\/pages\/2023\/revisions\/2148"}],"wp:attachment":[{"href":"https:\/\/rugexport.de\/es\/wp-json\/wp\/v2\/media?parent=2023"}],"curies":[{"name":"wp","href":"https:\/\/api.w.org\/{rel}","templated":true}]}}