{"id":1919,"date":"2020-10-04T19:10:53","date_gmt":"2020-10-04T17:10:53","guid":{"rendered":"https:\/\/rugexport.de\/?page_id=1919"},"modified":"2020-10-07T17:37:08","modified_gmt":"2020-10-07T15:37:08","slug":"doback","status":"publish","type":"page","link":"https:\/\/rugexport.de\/es\/doback\/","title":{"rendered":"DOBACK"},"content":{"rendered":"<section class=\"l-section wpb_row us_custom_2742c112 .home height_medium full_height valign_bottom width_full\"><div class=\"l-section-h i-cf\"><div class=\"g-cols vc_row via_flex valign_bottom type_default stacking_default\"><div class=\"vc_col-sm-12 wpb_column vc_column_container\"><div class=\"vc_column-inner\"><div class=\"wpb_wrapper\">\n\t\t\t<!-- START homeincliesp REVOLUTION SLIDER 6.5.19 --><p class=\"rs-p-wp-fix\"><\/p>\n\t\t\t<rs-module-wrap id=\"rev_slider_7_1_wrapper\" data-source=\"gallery\" style=\"visibility:hidden;background:transparent;padding:0;margin:0px auto;margin-top:0;margin-bottom:0;\">\n\t\t\t\t<rs-module id=\"rev_slider_7_1\" style=\"\" data-version=\"6.5.19\">\n\t\t\t\t\t<rs-slides>\n\t\t\t\t\t\t<rs-slide style=\"position: absolute;\" data-key=\"rs-7\" data-title=\"Slide\" data-anim=\"ms:1000;r:0;\" data-in=\"o:0;\" data-out=\"a:false;\">\n\t\t\t\t\t\t\t<img src=\"\/\/rugexport.de\/wp-content\/plugins\/revslider\/public\/assets\/assets\/dummy.png\" alt=\"Slide\" title=\"DOBACK\" class=\"rev-slidebg tp-rs-img rs-lazyload\" data-lazyload=\"\/\/rugexport.de\/wp-content\/plugins\/revslider\/public\/assets\/assets\/transparent.png\" data-no-retina>\n<!--\n\t\t\t\t\t\t\t--><rs-layer\n\t\t\t\t\t\t\t\tid=\"slider-7-slide-7-layer-0\" \n\t\t\t\t\t\t\t\tdata-type=\"image\"\n\t\t\t\t\t\t\t\tdata-rsp_ch=\"on\"\n\t\t\t\t\t\t\t\tdata-xy=\"x:c;y:m,t,t,t;\"\n\t\t\t\t\t\t\t\tdata-text=\"w:normal;s:20,16,12,7;l:0,20,15,9;\"\n\t\t\t\t\t\t\t\tdata-dim=\"w:1596px,1033px,784px,483px;h:898px,581px,441px,272px;\"\n\t\t\t\t\t\t\t\tdata-frame_999=\"o:0;st:w;\"\n\t\t\t\t\t\t\t\tstyle=\"z-index:5;\"\n\t\t\t\t\t\t\t><img src=\"\/\/rugexport.de\/wp-content\/plugins\/revslider\/public\/assets\/assets\/dummy.png\" alt=\"\" class=\"tp-rs-img rs-lazyload\" width=\"1280\" height=\"720\" data-lazyload=\"\/\/rugexport.de\/wp-content\/uploads\/2020\/10\/BG_RUG_Doback.jpg\" data-no-retina> \n\t\t\t\t\t\t\t<\/rs-layer><!--\n\n\t\t\t\t\t\t\t--><rs-layer\n\t\t\t\t\t\t\t\tid=\"slider-7-slide-7-layer-1\" \n\t\t\t\t\t\t\t\tdata-type=\"text\"\n\t\t\t\t\t\t\t\tdata-rsp_ch=\"on\"\n\t\t\t\t\t\t\t\tdata-xy=\"x:c;y:m;yo:290px,198px,152px,81px;\"\n\t\t\t\t\t\t\t\tdata-text=\"w:normal;s:74,52,39,26;l:38,31,23,18;a:center;\"\n\t\t\t\t\t\t\t\tdata-dim=\"w:1347px,1112px,844px,596px;h:78,64,48,37;\"\n\t\t\t\t\t\t\t\tdata-frame_999=\"o:0;st:w;\"\n\t\t\t\t\t\t\t\tstyle=\"z-index:6;font-family:'Arial', 'Helvetica', 'sans-serif';text-transform:uppercase;\"\n\t\t\t\t\t\t\t>Sistema de Estabilidad Din\u00e1mico \n\t\t\t\t\t\t\t<\/rs-layer><!--\n\n\t\t\t\t\t\t\t--><a\n\t\t\t\t\t\t\t\tid=\"slider-7-slide-7-layer-2\" \n\t\t\t\t\t\t\t\tclass=\"rs-layer rev-btn\"\n\t\t\t\t\t\t\t\thref=\"#produkt\" target=\"_self\" rel=\"nofollow\"\n\t\t\t\t\t\t\t\tdata-type=\"button\"\n\t\t\t\t\t\t\t\tdata-rsp_ch=\"on\"\n\t\t\t\t\t\t\t\tdata-xy=\"x:c;xo:0,0,-9px,-1px;yo:781px,512px,382px,293px;\"\n\t\t\t\t\t\t\t\tdata-text=\"w:normal;s:24,19,16,19;l:50,41,36,49;fw:700;\"\n\t\t\t\t\t\t\t\tdata-dim=\"minh:0px,none,none,none;\"\n\t\t\t\t\t\t\t\tdata-padding=\"r:40,33,30,41;l:40,33,30,41;\"\n\t\t\t\t\t\t\t\tdata-border=\"bor:5px,5px,5px,5px;\"\n\t\t\t\t\t\t\t\tdata-frame_0=\"x:0,0,0px,0px;y:0,0,0px,0px;\"\n\t\t\t\t\t\t\t\tdata-frame_1=\"x:0,0,0px,0px;y:0,0,0px,0px;\"\n\t\t\t\t\t\t\t\tdata-frame_999=\"o:0;st:w;\"\n\t\t\t\t\t\t\t\tdata-frame_hover=\"bgc:#5f4b8b;boc:#5f4b8b;bor:5px,5px,5px,5px;e:power0.inOut;bri:100%;\"\n\t\t\t\t\t\t\t\tstyle=\"z-index:7;background-color:#5f4b8b;font-family:'Arial', 'Helvetica', 'sans-serif';\"\n\t\t\t\t\t\t\t>Descripci\u00f3n del Producto  \n\t\t\t\t\t\t\t<\/a><!--\n-->\t\t\t\t\t\t<\/rs-slide>\n\t\t\t\t\t<\/rs-slides>\n\t\t\t\t<\/rs-module>\n\t\t\t\t<script>\n\t\t\t\t\tsetREVStartSize({c: 'rev_slider_7_1',rl:[1240,1024,778,480],el:[900,580,430,350],gw:[1240,1024,778,480],gh:[900,580,430,350],type:'standard',justify:'',layout:'fullwidth',mh:\"0\"});if (window.RS_MODULES!==undefined && window.RS_MODULES.modules!==undefined && window.RS_MODULES.modules[\"revslider71\"]!==undefined) {window.RS_MODULES.modules[\"revslider71\"].once = false;window.revapi7 = undefined;if (window.RS_MODULES.checkMinimal!==undefined) window.RS_MODULES.checkMinimal()}\n\t\t\t\t<\/script>\n\t\t\t<\/rs-module-wrap>\n\t\t\t<!-- END REVOLUTION SLIDER -->\n<\/div><\/div><\/div><\/div><\/div><\/section><section class=\"l-section wpb_row us_custom_9b8f260f textojustificado has_text_color height_large\" id=\"produkt\"><div class=\"l-section-h i-cf\"><div class=\"g-cols vc_row via_flex valign_top type_default stacking_default\"><div class=\"vc_col-sm-12 wpb_column vc_column_container align_center us_animate_afb\"><div class=\"vc_column-inner\"><div class=\"wpb_wrapper\"><div class=\"wpb_text_column us_custom_a773e700\"><div class=\"wpb_wrapper\"><p>El <strong>sistema DoBack calcula la estabilidad<\/strong> del veh\u00edculo en movimiento y advierte al conductor en caso de riesgo de vuelco.<\/p>\n<p>DoBack se <strong>programa individualmente<\/strong> con los par\u00e1metros f\u00edsicios de cada veh\u00edculo. El sistema funciona gracias a varios sensores que detectan y almacenan las aceleraciones angulares y otros par\u00e1metros relevantes de estabilidad. Todos estos datos son procesados mediante un algoritmo que emite un \u00edndice de estabilidad y determina el funcionamiento del sistema de alerta.<\/p>\n<p>El sistema de alerta funciona en <strong>tres niveles de alarma<\/strong>: amarillo, naranja y rojo. Si el conductor no alcanza la zona roja indicada por el sistema, \u00e9ste siempre tendr\u00e1 un margen de estabilidad, de al <strong>menos el 20%<\/strong>, para reaccionar y as\u00ed evitar el vuelco.<\/p>\n<\/div><\/div><div class=\"w-btn-wrapper align_none\"><a class=\"w-btn us-btn-style_4 us_custom_1e0e9307 icon_atleft\" href=\"#vorteile\"><i class=\"far fa-plus-square\"><\/i><span class=\"w-btn-label\">Ventajas<\/span><\/a><\/div><div class=\"w-separator size_medium\"><\/div><\/div><\/div><\/div><\/div><\/div><\/section><!-- Row Backgrounds --><div class=\"upb_color\" data-bg-override=\"0\" data-bg-color=\"\" data-fadeout=\"\" data-fadeout-percentage=\"30\" data-parallax-content=\"\" data-parallax-content-sense=\"30\" data-row-effect-mobile-disable=\"true\" data-img-parallax-mobile-disable=\"true\" data-rtl=\"false\"  data-custom-vc-row=\"\"  data-vc=\"6.8.0\"  data-is_old_vc=\"\"  data-theme-support=\"\"   data-overlay=\"false\" data-overlay-color=\"\" data-overlay-pattern=\"\" data-overlay-pattern-opacity=\"\" data-overlay-pattern-size=\"\"    data-seperator=\"true\"  data-seperator-type=\"xlarge_triangle_seperator\"  data-seperator-shape-size=\"40\"  data-seperator-svg-height=\"100\"  data-seperator-full-width=\"true\" data-seperator-position=\"bottom_seperator\"  data-seperator-background-color=\"#ffffff\"  data-icon=\"\"  ><\/div><section class=\"l-section wpb_row us_custom_6a4d3d6c height_medium color_alternate\" id=\"vorteile\"><div class=\"l-section-h i-cf\"><div class=\"g-cols vc_row via_flex valign_top type_default stacking_default\"><div class=\"vc_col-sm-12 wpb_column vc_column_container\"><div class=\"vc_column-inner\"><div class=\"wpb_wrapper\"><div class=\"wpb_text_column\"><div class=\"wpb_wrapper\"><h2><strong>VENTAJAS DEL PRODUCTO<\/strong><\/h2>\n<\/div><\/div><\/div><\/div><\/div><\/div><\/div><\/section><section class=\"l-section wpb_row height_auto\"><div class=\"l-section-h i-cf\"><div class=\"g-cols vc_row via_flex valign_middle type_default stacking_default\"><div class=\"vc_col-sm-12 wpb_column vc_column_container\"><div class=\"vc_column-inner\"><div class=\"wpb_wrapper\"><div class=\"g-cols wpb_row us_custom_1b8b0725 via_flex valign_middle type_default stacking_default\"><div class=\"vc_col-sm-4 wpb_column vc_column_container\"><div class=\"vc_column-inner\"><div class=\"wpb_wrapper\"><div class=\"w-iconbox iconpos_top style_default color_primary align_center no_text\"><div class=\"w-iconbox-icon\" style=\"font-size:48px;\"><i class=\"fas fa-exclamation-triangle\"><\/i><\/div><div class=\"w-iconbox-meta\"><h4 class=\"w-iconbox-title\">Sistema de Alarma \u00d3ptico y Ac\u00fastico<\/h4><\/div><\/div><\/div><\/div><\/div><div class=\"vc_col-sm-4 wpb_column vc_column_container\"><div class=\"vc_column-inner\"><div class=\"wpb_wrapper\"><div class=\"w-iconbox iconpos_top style_default color_primary align_center no_text\"><div class=\"w-iconbox-icon\" style=\"font-size:48px;\"><i class=\"far fa-ruler-combined\"><\/i><\/div><div class=\"w-iconbox-meta\"><h4 class=\"w-iconbox-title\">C\u00e1lculo Din\u00e1mico de la Estabilidad de Veh\u00edculos<\/h4><\/div><\/div><\/div><\/div><\/div><div class=\"vc_col-sm-4 wpb_column vc_column_container\"><div class=\"vc_column-inner\"><div class=\"wpb_wrapper\"><div class=\"w-iconbox iconpos_top style_default color_primary align_center no_text\"><div class=\"w-iconbox-icon\" style=\"font-size:48px;\"><i class=\"fas fa-balance-scale\"><\/i><\/div><div class=\"w-iconbox-meta\"><h4 class=\"w-iconbox-title\">Programado Individualmente con los Datos F\u00edsicos de cada Vehiculo<\/h4><\/div><\/div><\/div><\/div><\/div><\/div><\/div><\/div><\/div><\/div><\/div><\/section><section class=\"l-section wpb_row us_custom_ee2686e1 textojustificado height_medium\"><div class=\"l-section-h i-cf\"><div class=\"g-cols vc_row via_flex valign_top type_default stacking_default\"><div class=\"vc_col-sm-6 wpb_column vc_column_container\"><div class=\"vc_column-inner\"><div class=\"wpb_wrapper\"><div class=\"w-image align_none\"><div class=\"w-image-h\"><img width=\"920\" height=\"690\" src=\"https:\/\/rugexport.de\/wp-content\/uploads\/2020\/05\/inclisafe-920x690.jpg\" class=\"attachment-large size-large\" alt=\"\" decoding=\"async\" loading=\"lazy\" srcset=\"https:\/\/rugexport.de\/wp-content\/uploads\/2020\/05\/inclisafe-920x690.jpg 920w, https:\/\/rugexport.de\/wp-content\/uploads\/2020\/05\/inclisafe-620x465.jpg 620w, https:\/\/rugexport.de\/wp-content\/uploads\/2020\/05\/inclisafe-500x375.jpg 500w, https:\/\/rugexport.de\/wp-content\/uploads\/2020\/05\/inclisafe-768x576.jpg 768w, https:\/\/rugexport.de\/wp-content\/uploads\/2020\/05\/inclisafe-600x450.jpg 600w, https:\/\/rugexport.de\/wp-content\/uploads\/2020\/05\/inclisafe.jpg 1024w\" sizes=\"(max-width: 920px) 100vw, 920px\" \/><\/div><\/div><\/div><\/div><\/div><div class=\"vc_col-sm-6 wpb_column vc_column_container medio\"><div class=\"vc_column-inner us_custom_edb423b1\"><div class=\"wpb_wrapper\"><div class=\"wpb_text_column\"><div class=\"wpb_wrapper\"><ol>\n<li><strong>Se\u00f1al de Alerta<\/strong>: por debajo del 30% de estabilidad se activa una se\u00f1al visual y ac\u00fastica cuya frecuencia aumenta con el riesgo de vuelco.<\/li>\n<li><strong>Medici\u00f3n Espacial<\/strong>: c\u00e1lculo de la estabilidad del veh\u00edculo con respecto a los tres ejes de coordenadas, teniendo en cuenta factores como la aceleraci\u00f3n angular, la aceleraci\u00f3n lateral y otras variables adicionales.<\/li>\n<li><strong>C\u00e1lculo de la Estabilidad<\/strong>: Inclisafe no se limita a la medici\u00f3n de variables, sino que calcula la estabilidad real del veh\u00edculo 10 veces por segundo utilizando sus propios algoritmos.<\/li>\n<li>Es el \u00fanico sistema que tiene en cuenta el <strong>Momento de Inercia<\/strong> (c\u00f3mo un objeto gira sobre un eje). .<\/li>\n<\/ol>\n<\/div><\/div><\/div><\/div><\/div><\/div><\/div><\/section><section class=\"l-section wpb_row us_custom_f1ef3a5a height_medium\"><div class=\"l-section-h i-cf\"><div class=\"g-cols vc_row via_flex valign_top type_boxes stacking_default\"><div class=\"vc_col-sm-12 wpb_column vc_column_container\"><div class=\"vc_column-inner us_custom_278d8c57\"><div class=\"wpb_wrapper\"><div class=\"wpb_text_column us_custom_f2aeb730 has_text_color\"><div class=\"wpb_wrapper\"><p><a href=\"https:\/\/rugexport.de\/wp-content\/uploads\/2020\/10\/FTF_ES.pdf\" target=\"_blank\" rel=\"noopener noreferrer\"><span style=\"color: #ffffff;\">Ficha T\u00e9cnica Download \u00a0<\/span> <img decoding=\"async\" loading=\"lazy\" class=\"adobe alignnone\" src=\"https:\/\/rugexport.de\/wp-content\/uploads\/2020\/09\/adobe_pdf.png\" alt=\"\" width=\"49\" height=\"49\" \/><\/a><\/p>\n<\/div><\/div><\/div><\/div><\/div><\/div><\/div><\/section>\n","protected":false},"excerpt":{"rendered":"Sistema de Estabilidad Din\u00e1mico Descripci\u00f3n del Producto El sistema DoBack calcula la estabilidad del veh\u00edculo en movimiento y advierte al conductor en caso de riesgo de vuelco. DoBack se programa individualmente con los par\u00e1metros f\u00edsicios de cada veh\u00edculo. El sistema funciona gracias a varios sensores que detectan y almacenan las aceleraciones angulares y otros par\u00e1metros...","protected":false},"author":4,"featured_media":0,"parent":0,"menu_order":0,"comment_status":"closed","ping_status":"closed","template":"","meta":[],"_links":{"self":[{"href":"https:\/\/rugexport.de\/es\/wp-json\/wp\/v2\/pages\/1919"}],"collection":[{"href":"https:\/\/rugexport.de\/es\/wp-json\/wp\/v2\/pages"}],"about":[{"href":"https:\/\/rugexport.de\/es\/wp-json\/wp\/v2\/types\/page"}],"author":[{"embeddable":true,"href":"https:\/\/rugexport.de\/es\/wp-json\/wp\/v2\/users\/4"}],"replies":[{"embeddable":true,"href":"https:\/\/rugexport.de\/es\/wp-json\/wp\/v2\/comments?post=1919"}],"version-history":[{"count":7,"href":"https:\/\/rugexport.de\/es\/wp-json\/wp\/v2\/pages\/1919\/revisions"}],"predecessor-version":[{"id":1937,"href":"https:\/\/rugexport.de\/es\/wp-json\/wp\/v2\/pages\/1919\/revisions\/1937"}],"wp:attachment":[{"href":"https:\/\/rugexport.de\/es\/wp-json\/wp\/v2\/media?parent=1919"}],"curies":[{"name":"wp","href":"https:\/\/api.w.org\/{rel}","templated":true}]}}