{"id":1829,"date":"2020-09-19T21:31:01","date_gmt":"2020-09-19T19:31:01","guid":{"rendered":"https:\/\/rugexport.de\/?page_id=1829"},"modified":"2023-03-23T14:48:32","modified_gmt":"2023-03-23T13:48:32","slug":"sec","status":"publish","type":"page","link":"https:\/\/rugexport.de\/es\/sec\/","title":{"rendered":"SEC"},"content":{"rendered":"<section class=\"l-section wpb_row us_custom_2742c112 .home height_medium full_height valign_bottom width_full\"><div class=\"l-section-h i-cf\"><div class=\"g-cols vc_row via_flex valign_bottom type_default stacking_default\"><div class=\"vc_col-sm-12 wpb_column vc_column_container\"><div class=\"vc_column-inner\"><div class=\"wpb_wrapper\">\n\t\t\t<!-- START homesecesp REVOLUTION SLIDER 6.5.19 --><p class=\"rs-p-wp-fix\"><\/p>\n\t\t\t<rs-module-wrap id=\"rev_slider_3_1_wrapper\" data-source=\"gallery\" style=\"visibility:hidden;background:transparent;padding:0;margin:0px auto;margin-top:0;margin-bottom:0;\">\n\t\t\t\t<rs-module id=\"rev_slider_3_1\" style=\"\" data-version=\"6.5.19\">\n\t\t\t\t\t<rs-slides>\n\t\t\t\t\t\t<rs-slide style=\"position: absolute;\" data-key=\"rs-3\" data-title=\"Slide\" data-anim=\"ms:1000;r:0;\" data-in=\"o:0;\" data-out=\"a:false;\">\n\t\t\t\t\t\t\t<img src=\"\/\/rugexport.de\/wp-content\/plugins\/revslider\/public\/assets\/assets\/dummy.png\" alt=\"Slide\" title=\"SEC\" class=\"rev-slidebg tp-rs-img rs-lazyload\" data-lazyload=\"\/\/rugexport.de\/wp-content\/plugins\/revslider\/public\/assets\/assets\/transparent.png\" data-no-retina>\n<!--\n\t\t\t\t\t\t\t--><rs-layer\n\t\t\t\t\t\t\t\tid=\"slider-3-slide-3-layer-0\" \n\t\t\t\t\t\t\t\tdata-type=\"image\"\n\t\t\t\t\t\t\t\tdata-rsp_ch=\"on\"\n\t\t\t\t\t\t\t\tdata-xy=\"x:c;y:m,t,t,t;\"\n\t\t\t\t\t\t\t\tdata-text=\"w:normal;s:20,16,12,7;l:0,20,15,9;\"\n\t\t\t\t\t\t\t\tdata-dim=\"w:1589px,1033px,784px,483px;h:894px,581px,441px,272px;\"\n\t\t\t\t\t\t\t\tdata-frame_999=\"o:0;st:w;\"\n\t\t\t\t\t\t\t\tstyle=\"z-index:5;\"\n\t\t\t\t\t\t\t><img src=\"\/\/rugexport.de\/wp-content\/plugins\/revslider\/public\/assets\/assets\/dummy.png\" alt=\"\" class=\"tp-rs-img rs-lazyload\" width=\"1920\" height=\"1080\" data-lazyload=\"\/\/rugexport.de\/wp-content\/uploads\/2020\/09\/BG_RUG_SEC_01.jpg\" data-no-retina> \n\t\t\t\t\t\t\t<\/rs-layer><!--\n\n\t\t\t\t\t\t\t--><rs-layer\n\t\t\t\t\t\t\t\tid=\"slider-3-slide-3-layer-1\" \n\t\t\t\t\t\t\t\tdata-type=\"text\"\n\t\t\t\t\t\t\t\tdata-rsp_ch=\"on\"\n\t\t\t\t\t\t\t\tdata-xy=\"x:c;y:m;yo:294px,206px,156px,75px;\"\n\t\t\t\t\t\t\t\tdata-text=\"w:normal;s:38,25,19,12;l:38,31,23,18;a:center;\"\n\t\t\t\t\t\t\t\tdata-dim=\"w:1892px,1562px,1186px,514px;h:78,64,48,37;\"\n\t\t\t\t\t\t\t\tdata-frame_999=\"o:0;st:w;\"\n\t\t\t\t\t\t\t\tstyle=\"z-index:6;font-family:'Arial', 'Helvetica', 'sans-serif';text-transform:uppercase;\"\n\t\t\t\t\t\t\t>Sistema de Estabilizaci\u00f3n de Veh\u00edculos para Operaciones de Rescate \n\t\t\t\t\t\t\t<\/rs-layer><!--\n\n\t\t\t\t\t\t\t--><a\n\t\t\t\t\t\t\t\tid=\"slider-3-slide-3-layer-2\" \n\t\t\t\t\t\t\t\tclass=\"rs-layer rev-btn\"\n\t\t\t\t\t\t\t\thref=\"#produkt\" target=\"_self\" rel=\"nofollow\"\n\t\t\t\t\t\t\t\tdata-type=\"button\"\n\t\t\t\t\t\t\t\tdata-rsp_ch=\"on\"\n\t\t\t\t\t\t\t\tdata-xy=\"x:c;xo:0,0,-9px,-1px;yo:781px,512px,382px,293px;\"\n\t\t\t\t\t\t\t\tdata-text=\"w:normal;s:24,19,16,19;l:50,41,36,49;fw:700;\"\n\t\t\t\t\t\t\t\tdata-dim=\"minh:0px,none,none,none;\"\n\t\t\t\t\t\t\t\tdata-padding=\"r:40,33,30,41;l:40,33,30,41;\"\n\t\t\t\t\t\t\t\tdata-border=\"bor:5px,5px,5px,5px;\"\n\t\t\t\t\t\t\t\tdata-frame_0=\"x:0,0,0px,0px;y:0,0,0px,0px;\"\n\t\t\t\t\t\t\t\tdata-frame_1=\"x:0,0,0px,0px;y:0,0,0px,0px;\"\n\t\t\t\t\t\t\t\tdata-frame_999=\"o:0;st:w;\"\n\t\t\t\t\t\t\t\tdata-frame_hover=\"bgc:#5f4b8b;boc:#5f4b8b;bor:5px,5px,5px,5px;e:power0.inOut;bri:100%;\"\n\t\t\t\t\t\t\t\tstyle=\"z-index:7;background-color:#5f4b8b;font-family:'Arial', 'Helvetica', 'sans-serif';\"\n\t\t\t\t\t\t\t>Descripci\u00f3n del Producto \n\t\t\t\t\t\t\t<\/a><!--\n-->\t\t\t\t\t\t<\/rs-slide>\n\t\t\t\t\t<\/rs-slides>\n\t\t\t\t<\/rs-module>\n\t\t\t\t<script>\n\t\t\t\t\tsetREVStartSize({c: 'rev_slider_3_1',rl:[1240,1024,778,480],el:[900,580,430,350],gw:[1240,1024,778,480],gh:[900,580,430,350],type:'standard',justify:'',layout:'fullwidth',mh:\"0\"});if (window.RS_MODULES!==undefined && window.RS_MODULES.modules!==undefined && window.RS_MODULES.modules[\"revslider31\"]!==undefined) {window.RS_MODULES.modules[\"revslider31\"].once = false;window.revapi3 = undefined;if (window.RS_MODULES.checkMinimal!==undefined) window.RS_MODULES.checkMinimal()}\n\t\t\t\t<\/script>\n\t\t\t<\/rs-module-wrap>\n\t\t\t<!-- END REVOLUTION SLIDER -->\n<\/div><\/div><\/div><\/div><\/div><\/section><section class=\"l-section wpb_row us_custom_9b8f260f textojustificado has_text_color height_large\" id=\"produkt\"><div class=\"l-section-h i-cf\"><div class=\"g-cols vc_row via_flex valign_top type_default stacking_default\"><div class=\"vc_col-sm-12 wpb_column vc_column_container align_center us_animate_afb\"><div class=\"vc_column-inner\"><div class=\"wpb_wrapper\"><div class=\"wpb_text_column us_custom_a773e700\"><div class=\"wpb_wrapper\"><p><strong>SEC<\/strong> es un innovador sistema de estabilizaci\u00f3n desarrollado para\u00a0 operaciones de rescate de veh\u00edculos siniestrados, concebido y desarrollado por <em>bomberos para bomberos<\/em>.<\/p>\n<p>El sistema <strong>SEC<\/strong> no s\u00f3lo estabiliza el veh\u00edculo accidentado, sino que tambi\u00e9n compensa autom\u00e1ticamente la altura al levantar o quitar partes del veh\u00edculo.<\/p>\n<p>Es decir el veh\u00edculo se <strong>reestabiliza autom\u00e1ticamente<\/strong>. El sistema optimiza el rescate de personas heridas, sustituye el uso de bloques de madera utilizados en la <em>estabilizaci\u00f3n<\/em>, reduciendo as\u00ed considerablemente el tiempo de intervenci\u00f3n.<\/p>\n<\/div><\/div><div class=\"w-btn-wrapper align_none\"><a class=\"w-btn us-btn-style_4 us_custom_1e0e9307 icon_atleft\" href=\"#vorteile\"><i class=\"far fa-plus-square\"><\/i><span class=\"w-btn-label\">Ventajas<\/span><\/a><\/div><div class=\"w-separator size_medium\"><\/div><\/div><\/div><\/div><\/div><\/div><\/section><!-- Row Backgrounds --><div class=\"upb_color\" data-bg-override=\"0\" data-bg-color=\"\" data-fadeout=\"\" data-fadeout-percentage=\"30\" data-parallax-content=\"\" data-parallax-content-sense=\"30\" data-row-effect-mobile-disable=\"true\" data-img-parallax-mobile-disable=\"true\" data-rtl=\"false\"  data-custom-vc-row=\"\"  data-vc=\"6.8.0\"  data-is_old_vc=\"\"  data-theme-support=\"\"   data-overlay=\"false\" data-overlay-color=\"\" data-overlay-pattern=\"\" data-overlay-pattern-opacity=\"\" data-overlay-pattern-size=\"\"    data-seperator=\"true\"  data-seperator-type=\"xlarge_triangle_seperator\"  data-seperator-shape-size=\"40\"  data-seperator-svg-height=\"100\"  data-seperator-full-width=\"true\" data-seperator-position=\"bottom_seperator\"  data-seperator-background-color=\"#ffffff\"  data-icon=\"\"  ><\/div><section class=\"l-section wpb_row us_custom_6a4d3d6c height_medium color_alternate\" id=\"vorteile\"><div class=\"l-section-h i-cf\"><div class=\"g-cols vc_row via_flex valign_top type_default stacking_default\"><div class=\"vc_col-sm-12 wpb_column vc_column_container\"><div class=\"vc_column-inner\"><div class=\"wpb_wrapper\"><div class=\"wpb_text_column\"><div class=\"wpb_wrapper\"><h2>VENTAJAS DEL PRODUCTO<\/h2>\n<\/div><\/div><\/div><\/div><\/div><\/div><\/div><\/section><section class=\"l-section wpb_row height_auto\"><div class=\"l-section-h i-cf\"><div class=\"g-cols vc_row via_flex valign_middle type_default stacking_default\"><div class=\"vc_col-sm-12 wpb_column vc_column_container\"><div class=\"vc_column-inner\"><div class=\"wpb_wrapper\"><div class=\"g-cols wpb_row us_custom_1b8b0725 via_flex valign_middle type_default stacking_default\"><div class=\"vc_col-sm-3 wpb_column vc_column_container\"><div class=\"vc_column-inner\"><div class=\"wpb_wrapper\"><div class=\"w-iconbox iconpos_top style_default color_primary align_center no_text\"><div class=\"w-iconbox-icon\" style=\"font-size:48px;\"><i class=\"fas fa-check-double\"><\/i><\/div><div class=\"w-iconbox-meta\"><h4 class=\"w-iconbox-title\">Puesta en Funcionamiento F\u00e1cil y R\u00e1pida<\/h4><\/div><\/div><\/div><\/div><\/div><div class=\"vc_col-sm-3 wpb_column vc_column_container\"><div class=\"vc_column-inner\"><div class=\"wpb_wrapper\"><div class=\"w-iconbox iconpos_top style_default color_primary align_center no_text\"><div class=\"w-iconbox-icon\" style=\"font-size:48px;\"><i class=\"far fa-arrows-alt\"><\/i><\/div><div class=\"w-iconbox-meta\"><h4 class=\"w-iconbox-title\">Zona de trabajo libre de Obst\u00e1culos<\/h4><\/div><\/div><\/div><\/div><\/div><div class=\"vc_col-sm-3 wpb_column vc_column_container\"><div class=\"vc_column-inner\"><div class=\"wpb_wrapper\"><div class=\"w-iconbox iconpos_top style_default color_primary align_center no_text\"><div class=\"w-iconbox-icon\" style=\"font-size:48px;\"><i class=\"fas fa-tachometer-alt\"><\/i><\/div><div class=\"w-iconbox-meta\"><h4 class=\"w-iconbox-title\">Reestabilizaci\u00f3n Autom\u00e1tica<\/h4><\/div><\/div><\/div><\/div><\/div><div class=\"vc_col-sm-3 wpb_column vc_column_container\"><div class=\"vc_column-inner\"><div class=\"wpb_wrapper\"><div class=\"w-iconbox iconpos_top style_default color_primary align_center no_text\"><div class=\"w-iconbox-icon\" style=\"font-size:48px;\"><i class=\"fas fa-dice-three\"><\/i><\/div><div class=\"w-iconbox-meta\"><h4 class=\"w-iconbox-title\">Ideal para las 3 Estabilizaciones B\u00e1sicas<\/h4><\/div><\/div><\/div><\/div><\/div><\/div><\/div><\/div><\/div><\/div><\/div><\/section><section class=\"l-section wpb_row us_custom_ee2686e1 textojustificado height_medium\"><div class=\"l-section-h i-cf\"><div class=\"g-cols vc_row via_flex valign_top type_default stacking_default\"><div class=\"vc_col-sm-6 wpb_column vc_column_container medio\"><div class=\"vc_column-inner\"><div class=\"wpb_wrapper\"><div class=\"w-image align_none\"><div class=\"w-image-h\"><img width=\"920\" height=\"727\" src=\"https:\/\/rugexport.de\/wp-content\/uploads\/2020\/09\/sec-920x727.jpg\" class=\"attachment-large size-large\" alt=\"\" decoding=\"async\" loading=\"lazy\" srcset=\"https:\/\/rugexport.de\/wp-content\/uploads\/2020\/09\/sec-920x727.jpg 920w, https:\/\/rugexport.de\/wp-content\/uploads\/2020\/09\/sec-620x490.jpg 620w, https:\/\/rugexport.de\/wp-content\/uploads\/2020\/09\/sec-500x395.jpg 500w, https:\/\/rugexport.de\/wp-content\/uploads\/2020\/09\/sec-768x607.jpg 768w, https:\/\/rugexport.de\/wp-content\/uploads\/2020\/09\/sec.jpg 1015w\" sizes=\"(max-width: 920px) 100vw, 920px\" \/><\/div><\/div><\/div><\/div><\/div><div class=\"vc_col-sm-6 wpb_column vc_column_container\"><div class=\"vc_column-inner us_custom_edb423b1\"><div class=\"wpb_wrapper\"><div class=\"wpb_text_column\"><div class=\"wpb_wrapper\"><ol>\n<li><strong>Puesta en Funcionamiento F\u00e1cil y R\u00e1pida.<\/strong><\/li>\n<li>Facilita el trabajo de rescate de los bomberos, ya que el \u00c1rea de Operaci\u00f3n permanece <strong>Libre de Obst\u00e1culos<\/strong>.<\/li>\n<li><strong>Reestabilizaci\u00f3n Autom\u00e1tica<\/strong> del veh\u00edculo cada <em>2,5 mm<\/em>. El SEC evita la reestabilizaci\u00f3n manual del veh\u00edculo, optimiza el proceso y reduce el tiempo de rescate.<\/li>\n<li>Puede ser usado para las <strong>3 Estabilizaciones B\u00e1sicas<\/strong>: veh\u00edculo sobre ruedas, descansado sobre el techo y sobre el lateral. El SEC es complementario con el \u00ab<em>Stab Fast<\/em>\u00bb en la posici\u00f3n lateral).<\/li>\n<\/ol>\n<\/div><\/div><\/div><\/div><\/div><\/div><\/div><\/section><section class=\"l-section wpb_row us_custom_6a4d3d6c height_medium\"><div class=\"l-section-h i-cf\"><div class=\"g-cols vc_row via_flex valign_top type_default stacking_default\"><div class=\"vc_col-sm-12 wpb_column vc_column_container\"><div class=\"vc_column-inner\"><div class=\"wpb_wrapper\"><div class=\"w-separator size_huge with_line width_screen thick_5 style_solid color_primary align_center\"><div class=\"w-separator-h\"><\/div><\/div><div class=\"g-cols wpb_row via_flex valign_middle type_default stacking_default\"><div class=\"vc_col-sm-4 wpb_column vc_column_container\"><div class=\"vc_column-inner\"><div class=\"wpb_wrapper\"><div class=\"w-image align_none\"><div class=\"w-image-h\"><img width=\"741\" height=\"398\" src=\"https:\/\/rugexport.de\/wp-content\/uploads\/2020\/09\/paso1.jpg\" class=\"attachment-large size-large\" alt=\"\" decoding=\"async\" loading=\"lazy\" srcset=\"https:\/\/rugexport.de\/wp-content\/uploads\/2020\/09\/paso1.jpg 741w, https:\/\/rugexport.de\/wp-content\/uploads\/2020\/09\/paso1-620x333.jpg 620w, https:\/\/rugexport.de\/wp-content\/uploads\/2020\/09\/paso1-500x269.jpg 500w\" sizes=\"(max-width: 741px) 100vw, 741px\" \/><\/div><\/div><\/div><\/div><\/div><div class=\"vc_col-sm-4 wpb_column vc_column_container\"><div class=\"vc_column-inner\"><div class=\"wpb_wrapper\"><div class=\"w-image align_none\"><div class=\"w-image-h\"><img width=\"689\" height=\"398\" src=\"https:\/\/rugexport.de\/wp-content\/uploads\/2020\/09\/paso2.jpg\" class=\"attachment-large size-large\" alt=\"\" decoding=\"async\" loading=\"lazy\" srcset=\"https:\/\/rugexport.de\/wp-content\/uploads\/2020\/09\/paso2.jpg 689w, https:\/\/rugexport.de\/wp-content\/uploads\/2020\/09\/paso2-620x358.jpg 620w, https:\/\/rugexport.de\/wp-content\/uploads\/2020\/09\/paso2-500x289.jpg 500w\" sizes=\"(max-width: 689px) 100vw, 689px\" \/><\/div><\/div><\/div><\/div><\/div><div class=\"vc_col-sm-4 wpb_column vc_column_container\"><div class=\"vc_column-inner\"><div class=\"wpb_wrapper\"><div class=\"w-image align_none\"><div class=\"w-image-h\"><img width=\"495\" height=\"398\" src=\"https:\/\/rugexport.de\/wp-content\/uploads\/2020\/09\/paso3.jpg\" class=\"attachment-large size-large\" alt=\"\" decoding=\"async\" loading=\"lazy\" \/><\/div><\/div><\/div><\/div><\/div><\/div><\/div><\/div><\/div><\/div><\/div><\/section><section class=\"l-section wpb_row us_custom_278d8c57 height_medium\"><div class=\"l-section-h i-cf\"><div class=\"g-cols vc_row via_flex valign_top type_default stacking_default\"><div class=\"vc_col-sm-12 wpb_column vc_column_container\"><div class=\"vc_column-inner\"><div class=\"wpb_wrapper\"><div class=\"w-btn-wrapper align_center\"><a class=\"w-btn us-btn-style_3 us_custom_1e0e9307 icon_atleft\" href=\"#video\"><i class=\"far fa-plus-square\"><\/i><span class=\"w-btn-label\">Video<\/span><\/a><\/div><\/div><\/div><\/div><\/div><\/div><\/section><section class=\"l-section wpb_row us_custom_f1ef3a5a height_medium\"><div class=\"l-section-h i-cf\"><div class=\"g-cols vc_row via_flex valign_top type_boxes stacking_default\"><div class=\"vc_col-sm-12 wpb_column vc_column_container\"><div class=\"vc_column-inner us_custom_278d8c57\"><div class=\"wpb_wrapper\"><div class=\"wpb_text_column us_custom_f2aeb730 has_text_color\"><div class=\"wpb_wrapper\"><p><a href=\"https:\/\/rugexport.de\/wp-content\/uploads\/2020\/09\/SEC_FT_ES.pdf\" target=\"_blank\" rel=\"noopener noreferrer\"><span style=\"color: #ffffff;\">Ficha T\u00e9cnica Download<\/span> <img decoding=\"async\" loading=\"lazy\" class=\"adobe alignnone\" src=\"https:\/\/rugexport.de\/wp-content\/uploads\/2020\/09\/adobe_pdf.png\" alt=\"\" width=\"49\" height=\"49\" \/><\/a><\/p>\n<\/div><\/div><\/div><\/div><\/div><\/div><\/div><\/section><section class=\"l-section wpb_row us_custom_80e2cd6d height_medium\" id=\"video\"><div class=\"l-section-h i-cf\"><div class=\"g-cols vc_row via_flex valign_top type_default stacking_default\"><div class=\"vc_col-sm-12 wpb_column vc_column_container\"><div class=\"vc_column-inner\"><div class=\"wpb_wrapper\">[vc_raw_html css=\u00bb%7B%22default%22%3A%7B%22text-align%22%3A%22center%22%7D%7D\u00bb]JTNDaWZyYW1lJTIwd2lkdGglM0QlMjIxMDAlMjUlMjIlMjBoZWlnaHQlM0QlMjI2NTBweCUyMiUyMHNyYyUzRCUyMmh0dHBzJTNBJTJGJTJGd3d3LnlvdXR1YmUtbm9jb29raWUuY29tJTJGZW1iZWQlMkZ2ZXVZMW5waHpMSSUyMiUyMHRpdGxlJTNEJTIyWW91VHViZSUyMHZpZGVvJTIwcGxheWVyJTIyJTIwZnJhbWVib3JkZXIlM0QlMjIwJTIyJTIwYWxsb3clM0QlMjJhY2NlbGVyb21ldGVyJTNCJTIwYXV0b3BsYXklM0IlMjBjbGlwYm9hcmQtd3JpdGUlM0IlMjBlbmNyeXB0ZWQtbWVkaWElM0IlMjBneXJvc2NvcGUlM0IlMjBwaWN0dXJlLWluLXBpY3R1cmUlM0IlMjB3ZWItc2hhcmUlMjIlMjBhbGxvd2Z1bGxzY3JlZW4lM0UlM0MlMkZpZnJhbWUlM0U=[\/vc_raw_html]<\/div><\/div><\/div><\/div><\/div><\/section>\n","protected":false},"excerpt":{"rendered":"Sistema de Estabilizaci\u00f3n de Veh\u00edculos para Operaciones de Rescate Descripci\u00f3n del Producto SEC es un innovador sistema de estabilizaci\u00f3n desarrollado para\u00a0 operaciones de rescate de veh\u00edculos siniestrados, concebido y desarrollado por bomberos para bomberos. El sistema SEC no s\u00f3lo estabiliza el veh\u00edculo accidentado, sino que tambi\u00e9n compensa autom\u00e1ticamente la altura al levantar o quitar partes...","protected":false},"author":4,"featured_media":0,"parent":0,"menu_order":0,"comment_status":"closed","ping_status":"closed","template":"","meta":[],"_links":{"self":[{"href":"https:\/\/rugexport.de\/es\/wp-json\/wp\/v2\/pages\/1829"}],"collection":[{"href":"https:\/\/rugexport.de\/es\/wp-json\/wp\/v2\/pages"}],"about":[{"href":"https:\/\/rugexport.de\/es\/wp-json\/wp\/v2\/types\/page"}],"author":[{"embeddable":true,"href":"https:\/\/rugexport.de\/es\/wp-json\/wp\/v2\/users\/4"}],"replies":[{"embeddable":true,"href":"https:\/\/rugexport.de\/es\/wp-json\/wp\/v2\/comments?post=1829"}],"version-history":[{"count":11,"href":"https:\/\/rugexport.de\/es\/wp-json\/wp\/v2\/pages\/1829\/revisions"}],"predecessor-version":[{"id":2142,"href":"https:\/\/rugexport.de\/es\/wp-json\/wp\/v2\/pages\/1829\/revisions\/2142"}],"wp:attachment":[{"href":"https:\/\/rugexport.de\/es\/wp-json\/wp\/v2\/media?parent=1829"}],"curies":[{"name":"wp","href":"https:\/\/api.w.org\/{rel}","templated":true}]}}